{"id":949,"date":"2020-11-09T15:20:10","date_gmt":"2020-11-09T15:20:10","guid":{"rendered":"https:\/\/houseofwines.pt\/en\/?post_type=product&#038;p=949"},"modified":"2020-11-30T12:33:49","modified_gmt":"2020-11-30T12:33:49","slug":"espumante-rose","status":"publish","type":"product","link":"https:\/\/houseofwines.pt\/en\/product\/espumante-rose\/","title":{"rendered":"Espumante Bruto Ros\u00e9 2017"},"content":{"rendered":"<p>[vc_row full_width=&#8221;stretch_row&#8221; gap=&#8221;35&#8243; content_placement=&#8221;middle&#8221; background_position=&#8221;center&#8221; et_uniqid=&#8221;et_custom_uniqid_5f86c6185daf9&#8243; _et_uniqid=&#8221;et_custom_uniqid_new_5f984331cf1ea&#8221;][vc_column et_uniqid=&#8221;et_custom_uniqid_5f86c59f9d34e&#8221; _et_uniqid=&#8221;et_custom_uniqid_new_5fa283c5a13c1&#8243; css=&#8221;.vc_custom_1604486090103{margin-top: -15px !important;margin-bottom: -25px !important;}&#8221;][vc_column_text el_class=&#8221;textobotaoclerkson2&#8243;]<\/p>\n<p style=\"font-size: 13px; color: #5a0c44;\"><span style=\"color: #5a0c44;\"><a style=\"color: #5a0c44;\" href=\"https:\/\/houseofwines.pt\/en\/wp-content\/uploads\/sites\/2\/2020\/11\/FT_AZUL_PORTUGAL_ESPUMANTE_BRANCO.pdf\" target=\"_blank\" rel=\"noopener noreferrer\">Download ficha t\u00e9cnica &gt;<\/a><\/span><\/p>\n<p>[\/vc_column_text][\/vc_column][\/vc_row][vc_row][vc_column][vc_column_text]<\/p>\n<h4><span style=\"color: #5a0c44;\">Classifica\u00e7\u00e3o e Regi\u00e3o:<\/span><\/h4>\n<p class=\"p1\">D.O.C. Bairrada<\/p>\n<h4><span style=\"color: #5a0c44;\">Clima e solo:<\/span><\/h4>\n<p class=\"p1\">Solo calc\u00e1rio-argiloso, clima temperado<\/p>\n<h4><span style=\"color: #5a0c44;\">Castas:<\/span><\/h4>\n<p class=\"p1\">Baga<\/p>\n<h4><span style=\"color: #5a0c44;\">Vinifica\u00e7\u00e3o:<\/span><\/h4>\n<p class=\"p1\">Desengace total, prensagem suave, decanta\u00e7\u00e3o est\u00e1tica natural. Fermenta\u00e7\u00e3o alco\u00f3lica a 18\u00baC. Espumantiza\u00e7\u00e3o pelo m\u00e9todo cl\u00e1ssico. Apenas se aproveitou 40% do mosto flor.<\/p>\n<h4><span style=\"color: #5a0c44;\">Est\u00e1gio:<\/span><\/h4>\n<p class=\"p1\">M\u00ednimo de 9 meses em cave e 1 m\u00eas ap\u00f3s degorgment<\/p>\n<h4><span style=\"color: #5a0c44;\">Nota de Prova e gastronomia:<\/span><\/h4>\n<p class=\"p1\">Cor cristalino com bolha fina e desprendimento de g\u00e1s. Cor rosada definida. Aroma intenso em frutos vermelhos frescos e geleia dos mesmos. Na boca apresenta fruta, frescura moderada, agrad\u00e1vel volume de boca seguido de mousse elegante e not\u00e1vel persist\u00eancia. Acompanha acepipes diversos, pastelaria fina e frutas naturais.<\/p>\n<h4><span style=\"color: #5a0c44;\">Par\u00e2metros Anal\u00edticos:<\/span><\/h4>\n<p>T\u00edtulo alcoom\u00e9trico. 12,50%<br \/>\nPh. 3.31<br \/>\nAcidez Total: 6,02 g\/l<br \/>\nAcidez Vol\u00e1til:<br \/>\nA\u00e7\u00facar: 8,2 g\/l<br \/>\nSO2 livre:<br \/>\nCont\u00e9m Sulfitos.<\/p>\n<h4><span style=\"color: #5a0c44;\">En\u00f3logo:<\/span><\/h4>\n<p class=\"p1\">Osvaldo Amado<\/p>\n<p>[\/vc_column_text][\/vc_column][\/vc_row]<\/p>\n","protected":false},"excerpt":{"rendered":"<p>[vc_row full_width=&#8221;stretch_row&#8221; gap=&#8221;35&#8243; content_placement=&#8221;middle&#8221; background_position=&#8221;center&#8221; et_uniqid=&#8221;et_custom_uniqid_5f86c6185daf9&#8243; _et_uniqid=&#8221;et_custom_uniqid_new_5f984331cf1ea&#8221;][vc_column et_uniqid=&#8221;et_custom_uniqid_5f86c59f9d34e&#8221; _et_uniqid=&#8221;et_custom_uniqid_new_5fa283c5a13c1&#8243; css=&#8221;.vc_custom_1604486090103{margin-top: -15px !important;margin-bottom: -25px !important;}&#8221;][vc_column_text el_class=&#8221;textobotaoclerkson2&#8243;] Download ficha t\u00e9cnica &gt; [\/vc_column_text][\/vc_column][\/vc_row][vc_row][vc_column][vc_column_text] Classifica\u00e7\u00e3o e Regi\u00e3o: D.O.C. Bairrada&#8230;<\/p>\n","protected":false},"featured_media":950,"template":"","meta":[],"etheme_brands":[{"term_id":27,"name":"Lua Cheia","slug":"lua-cheia","term_group":0,"term_taxonomy_id":27,"taxonomy":"brand","description":"","parent":0,"count":44,"filter":"raw"}],"product_cat":[69,72,80],"product_tag":[],"class_list":["post-949","product","type-product","status-publish","has-post-thumbnail","hentry","brand-lua-cheia","product_cat-vinhos","product_cat-produtores","product_cat-lua-cheia-em-vinhas-velhas"],"_links":{"self":[{"href":"https:\/\/houseofwines.pt\/en\/wp-json\/wp\/v2\/product\/949","targetHints":{"allow":["GET"]}}],"collection":[{"href":"https:\/\/houseofwines.pt\/en\/wp-json\/wp\/v2\/product"}],"about":[{"href":"https:\/\/houseofwines.pt\/en\/wp-json\/wp\/v2\/types\/product"}],"wp:featuredmedia":[{"embeddable":true,"href":"https:\/\/houseofwines.pt\/en\/wp-json\/wp\/v2\/media\/950"}],"wp:attachment":[{"href":"https:\/\/houseofwines.pt\/en\/wp-json\/wp\/v2\/media?parent=949"}],"wp:term":[{"taxonomy":"brand","embeddable":true,"href":"https:\/\/houseofwines.pt\/en\/wp-json\/wp\/v2\/etheme_brands?post=949"},{"taxonomy":"product_cat","embeddable":true,"href":"https:\/\/houseofwines.pt\/en\/wp-json\/wp\/v2\/product_cat?post=949"},{"taxonomy":"product_tag","embeddable":true,"href":"https:\/\/houseofwines.pt\/en\/wp-json\/wp\/v2\/product_tag?post=949"}],"curies":[{"name":"wp","href":"https:\/\/api.w.org\/{rel}","templated":true}]}}