{"id":914,"date":"2020-11-06T18:39:45","date_gmt":"2020-11-06T18:39:45","guid":{"rendered":"https:\/\/houseofwines.pt\/en\/?post_type=product&#038;p=914"},"modified":"2020-11-30T11:06:08","modified_gmt":"2020-11-30T11:06:08","slug":"dona-adelaide-vintage-2013-double-magnum","status":"publish","type":"product","link":"https:\/\/houseofwines.pt\/en\/product\/dona-adelaide-vintage-2013-double-magnum\/","title":{"rendered":"Dona Adelaide Vintage 2013 Double MAGNUM"},"content":{"rendered":"<p>[vc_row full_width=&#8221;stretch_row&#8221; gap=&#8221;35&#8243; content_placement=&#8221;middle&#8221; background_position=&#8221;center&#8221; et_uniqid=&#8221;et_custom_uniqid_5f86c6185daf9&#8243; _et_uniqid=&#8221;et_custom_uniqid_new_5f984331cf1ea&#8221;][vc_column et_uniqid=&#8221;et_custom_uniqid_5f86c59f9d34e&#8221; _et_uniqid=&#8221;et_custom_uniqid_new_5fa283c5a13c1&#8243; css=&#8221;.vc_custom_1604486090103{margin-top: -15px !important;margin-bottom: -25px !important;}&#8221;][vc_column_text el_class=&#8221;textobotaoclerkson2&#8243;]<\/p>\n<p style=\"font-size: 13px; color: #5a0c44;\"><span style=\"color: #5a0c44;\"><a style=\"color: #5a0c44;\" href=\"https:\/\/houseofwines.pt\/en\/wp-content\/uploads\/sites\/2\/2020\/11\/FT_QTA.COQUINHO_PORTO-DONA-MARIA-ADELAIDE.pdf\" target=\"_blank\" rel=\"noopener noreferrer\">Download ficha t\u00e9cnica &gt;<\/a><\/span><\/p>\n<p>[\/vc_column_text][\/vc_column][\/vc_row][vc_row][vc_column][vc_column_text]<\/p>\n<p class=\"p1\">Este Vintage \u00e9 a primeira experi\u00eancia da Quinta do Couquinho na produ\u00e7\u00e3o de Vinho do Porto.<\/p>\n<h4><span style=\"color: #5a0c44;\">Classifica\u00e7\u00e3o e Regi\u00e3o:<\/span><\/h4>\n<p class=\"p1\">Vinho do Porto<\/p>\n<h4><span style=\"color: #5a0c44;\">Castas:<\/span><\/h4>\n<p class=\"p1\">Vinhas velhas da propriedade onde predominam as castas Touriga Nacional, Tinta Barroca, Touriga Franca e Sous\u00e3o.<\/p>\n<h4><span style=\"color: #5a0c44;\">Vinifica\u00e7\u00e3o:<\/span><\/h4>\n<p>Depois de encontrado o equil\u00edbrio perfeito nas uvas, s\u00e3o vindimadas \u00e0 m\u00e3o para caixas de 18Kg, de forma a garantir a sua m\u00e1xima protec\u00e7\u00e3o no transporte at\u00e9 \u00e0 adega. Depois, s\u00e3o parcialmente desenga\u00e7adas e esmagadas para um lagar de inox e \u00e9 feita uma pisa tradicional (com homens e mulheres) durante 4 horas. O processo da pisa repete-se durante todo a fermenta\u00e7\u00e3o alco\u00f3lica at\u00e9 \u00e0 fortifica\u00e7\u00e3o com aguardente v\u00ednica, que \u00e9 criteriosamente escolhida pelos en\u00f3logos.<\/p>\n<h4><span style=\"color: #5a0c44;\">Est\u00e1gio:<\/span><\/h4>\n<p class=\"p1\">Depois de lotado com a aguardente, o vinho do Porto repousa em cuba de inox, at\u00e9 ao seu engarrafamento.<\/p>\n<h4><span style=\"color: #5a0c44;\">Engarrafamento:<\/span><\/h4>\n<p class=\"p1\">Em Setembro de 2015 foi engarrafado um total de 1.200 garrafas de 750ml e 35 de 3 litros.<\/p>\n<h4><span style=\"color: #5a0c44;\">Nota de Prova e gastronomia:<\/span><\/h4>\n<p>Cor intensa, densa, quase retinta. Aroma pujante e complexo onde se destacam as notas de esteva, menta e violeta, a dar frescura \u00e0 fruta preta de amoras, ameixas, cacau e figos. Na boca \u00e9 cheio, com bons e suaves taninos, sabores e aromas muito equilibrados onde voltam a sobressair os bals\u00e2micos e o chocolate num final muito, muito longo\u2026Um vinho ainda em come\u00e7o de vida, uma explos\u00e3o de for\u00e7a e eleg\u00e2ncia, um hino ao Douro e ao sol. Para consumir novo.<\/p>\n<h4><span style=\"color: #5a0c44;\">Par\u00e2metros Anal\u00edticos:<\/span><\/h4>\n<p>T\u00edtulo alcoom\u00e9trico. 19%<br \/>\nPh. 3,82<br \/>\nA\u00e7\u00facar: 111 g\/l a\u00e7\u00facar residual<br \/>\nSO2 livre:<br \/>\nCont\u00e9m Sulfitos.<\/p>\n<h4><span style=\"color: #5a0c44;\">En\u00f3logo:<\/span><\/h4>\n<p>Jo\u00e3o Brito e Cunha e Victor Raba\u00e7al[\/vc_column_text][\/vc_column][\/vc_row]<\/p>\n","protected":false},"excerpt":{"rendered":"<p>[vc_row full_width=&#8221;stretch_row&#8221; gap=&#8221;35&#8243; content_placement=&#8221;middle&#8221; background_position=&#8221;center&#8221; et_uniqid=&#8221;et_custom_uniqid_5f86c6185daf9&#8243; _et_uniqid=&#8221;et_custom_uniqid_new_5f984331cf1ea&#8221;][vc_column et_uniqid=&#8221;et_custom_uniqid_5f86c59f9d34e&#8221; _et_uniqid=&#8221;et_custom_uniqid_new_5fa283c5a13c1&#8243; css=&#8221;.vc_custom_1604486090103{margin-top: -15px !important;margin-bottom: -25px !important;}&#8221;][vc_column_text el_class=&#8221;textobotaoclerkson2&#8243;] Download ficha t\u00e9cnica &gt; [\/vc_column_text][\/vc_column][\/vc_row][vc_row][vc_column][vc_column_text] Este Vintage \u00e9 a primeira&#8230;<\/p>\n","protected":false},"featured_media":891,"template":"","meta":[],"etheme_brands":[{"term_id":28,"name":"Quinta do Couquinho","slug":"quinta-do-couquinho","term_group":0,"term_taxonomy_id":28,"taxonomy":"brand","description":"","parent":0,"count":13,"filter":"raw"}],"product_cat":[69,74],"product_tag":[],"class_list":["post-914","product","type-product","status-publish","has-post-thumbnail","hentry","brand-quinta-do-couquinho","product_cat-vinhos","product_cat-quinta-do-couquinho"],"_links":{"self":[{"href":"https:\/\/houseofwines.pt\/en\/wp-json\/wp\/v2\/product\/914","targetHints":{"allow":["GET"]}}],"collection":[{"href":"https:\/\/houseofwines.pt\/en\/wp-json\/wp\/v2\/product"}],"about":[{"href":"https:\/\/houseofwines.pt\/en\/wp-json\/wp\/v2\/types\/product"}],"wp:featuredmedia":[{"embeddable":true,"href":"https:\/\/houseofwines.pt\/en\/wp-json\/wp\/v2\/media\/891"}],"wp:attachment":[{"href":"https:\/\/houseofwines.pt\/en\/wp-json\/wp\/v2\/media?parent=914"}],"wp:term":[{"taxonomy":"brand","embeddable":true,"href":"https:\/\/houseofwines.pt\/en\/wp-json\/wp\/v2\/etheme_brands?post=914"},{"taxonomy":"product_cat","embeddable":true,"href":"https:\/\/houseofwines.pt\/en\/wp-json\/wp\/v2\/product_cat?post=914"},{"taxonomy":"product_tag","embeddable":true,"href":"https:\/\/houseofwines.pt\/en\/wp-json\/wp\/v2\/product_tag?post=914"}],"curies":[{"name":"wp","href":"https:\/\/api.w.org\/{rel}","templated":true}]}}