{"id":892,"date":"2020-11-04T22:40:32","date_gmt":"2020-11-04T22:40:32","guid":{"rendered":"https:\/\/houseofwines.pt\/en\/?post_type=product&#038;p=892"},"modified":"2020-11-30T12:18:48","modified_gmt":"2020-11-30T12:18:48","slug":"superior-branco-2018-magnum","status":"publish","type":"product","link":"https:\/\/houseofwines.pt\/en\/product\/superior-branco-2018-magnum\/","title":{"rendered":"Couquinho Superior Branco 2018 MAGNUM"},"content":{"rendered":"<p>[vc_row full_width=&#8221;stretch_row&#8221; gap=&#8221;35&#8243; content_placement=&#8221;middle&#8221; background_position=&#8221;center&#8221; et_uniqid=&#8221;et_custom_uniqid_5f86c6185daf9&#8243; _et_uniqid=&#8221;et_custom_uniqid_new_5f984331cf1ea&#8221;][vc_column et_uniqid=&#8221;et_custom_uniqid_5f86c59f9d34e&#8221; _et_uniqid=&#8221;et_custom_uniqid_new_5fa283c5a13c1&#8243; css=&#8221;.vc_custom_1604486090103{margin-top: -15px !important;margin-bottom: -25px !important;}&#8221;][vc_column_text el_class=&#8221;textobotaoclerkson2&#8243;]<\/p>\n<p style=\"font-size: 13px; color: #5a0c44;\"><span style=\"color: #5a0c44;\"><a style=\"color: #5a0c44;\" href=\"https:\/\/houseofwines.pt\/en\/wp-content\/uploads\/sites\/2\/2020\/11\/FT_QTA.COQUINHO_SUPERIOR-BRANCO18-MAGNUM.pdf\" target=\"_blank\" rel=\"noopener noreferrer\">Download ficha t\u00e9cnica &gt;<\/a><\/span><\/p>\n<p>[\/vc_column_text][\/vc_column][\/vc_row][vc_row][vc_column][vc_column_text]<\/p>\n<h4><span style=\"color: #5a0c44;\">Classifica\u00e7\u00e3o e Regi\u00e3o:<\/span><\/h4>\n<p class=\"p1\">DOP &#8211; Douro Superior<\/p>\n<h4><span style=\"color: #5a0c44;\">Castas:<\/span><\/h4>\n<p class=\"p1\">Viosinho e Rabigato (V.Velhas)<\/p>\n<h4><span style=\"color: #5a0c44;\">Vinifica\u00e7\u00e3o:<\/span><\/h4>\n<p>As uvas foram vindimadas \u00e0 m\u00e3o, no seu ponto ideal de matura\u00e7\u00e3o, pretendendo-se que apresentem uma matura\u00e7\u00e3o equilibrada, conduzindo a maiores concentra\u00e7\u00f5es arom\u00e1ticas. 20% do lote fermentou parcialmente em barricas de Carvalho Franc\u00eas, aumentando a riqueza e complexidade do vinho<\/p>\n<h4><span style=\"color: #5a0c44;\">Est\u00e1gio:<\/span><\/h4>\n<p class=\"p1\">20% do lote fermentou parcialmente em barricas de Carvalho Franc\u00eas, aumentando a riqueza e complexidade do vinho<\/p>\n<h4><span style=\"color: #5a0c44;\">Engarrafamento:<\/span><\/h4>\n<p class=\"p1\">Abril 2019<\/p>\n<h4><span style=\"color: #5a0c44;\">Nota de Prova e gastronomia:<\/span><\/h4>\n<p>Com uma cor citrina, o vinho mostra inicialmente boas notas florais, c\u00edtricas e um leve tropical, evoluindo posteriormente para notas de mineralidade. Na boca mostra-se fresco, com um bom car\u00e1cter de fruta e um muito bom volume, intenso e persistente. No conjunto \u00e9 elegante e bem estruturado, revelando ter uma boa aptid\u00e3o gastron\u00f3mica. Acompanha pratos de marisco, caldeirada de peixe ou um caril asi\u00e1tico. Acompanha bem peixes cozinhados.<\/p>\n<h4><span style=\"color: #5a0c44;\">Par\u00e2metros Anal\u00edticos:<\/span><\/h4>\n<p>T\u00edtulo alcoom\u00e9trico. 12,50 (%\/v &#8211; 20\u00ba)<br \/>\nPh. 3.30<br \/>\nAcidez Total: 6.1 (g\/dm3 &#8211; \u00e1cido tart\u00e1rico)<br \/>\nAcidez Vol\u00e1til: 0.2 (g\/l \u00e1cido ac\u00e9tico)<br \/>\nA\u00e7\u00facar: 0.6 g\/dm<br \/>\nSO2 livre:<br \/>\nCont\u00e9m Sulfitos.<\/p>\n<h4><span style=\"color: #5a0c44;\">En\u00f3logo:<\/span><\/h4>\n<p>Jo\u00e3o Brito e Cunha e Victor Raba\u00e7al[\/vc_column_text][\/vc_column][\/vc_row]<\/p>\n","protected":false},"excerpt":{"rendered":"<p>[vc_row full_width=&#8221;stretch_row&#8221; gap=&#8221;35&#8243; content_placement=&#8221;middle&#8221; background_position=&#8221;center&#8221; et_uniqid=&#8221;et_custom_uniqid_5f86c6185daf9&#8243; _et_uniqid=&#8221;et_custom_uniqid_new_5f984331cf1ea&#8221;][vc_column et_uniqid=&#8221;et_custom_uniqid_5f86c59f9d34e&#8221; _et_uniqid=&#8221;et_custom_uniqid_new_5fa283c5a13c1&#8243; css=&#8221;.vc_custom_1604486090103{margin-top: -15px !important;margin-bottom: -25px !important;}&#8221;][vc_column_text el_class=&#8221;textobotaoclerkson2&#8243;] Download ficha t\u00e9cnica &gt; [\/vc_column_text][\/vc_column][\/vc_row][vc_row][vc_column][vc_column_text] Classifica\u00e7\u00e3o e Regi\u00e3o: DOP &#8211;&#8230;<\/p>\n","protected":false},"featured_media":894,"template":"","meta":[],"etheme_brands":[{"term_id":28,"name":"Quinta do Couquinho","slug":"quinta-do-couquinho","term_group":0,"term_taxonomy_id":28,"taxonomy":"brand","description":"","parent":0,"count":13,"filter":"raw"}],"product_cat":[69,74],"product_tag":[],"class_list":["post-892","product","type-product","status-publish","has-post-thumbnail","hentry","brand-quinta-do-couquinho","product_cat-vinhos","product_cat-quinta-do-couquinho"],"_links":{"self":[{"href":"https:\/\/houseofwines.pt\/en\/wp-json\/wp\/v2\/product\/892","targetHints":{"allow":["GET"]}}],"collection":[{"href":"https:\/\/houseofwines.pt\/en\/wp-json\/wp\/v2\/product"}],"about":[{"href":"https:\/\/houseofwines.pt\/en\/wp-json\/wp\/v2\/types\/product"}],"wp:featuredmedia":[{"embeddable":true,"href":"https:\/\/houseofwines.pt\/en\/wp-json\/wp\/v2\/media\/894"}],"wp:attachment":[{"href":"https:\/\/houseofwines.pt\/en\/wp-json\/wp\/v2\/media?parent=892"}],"wp:term":[{"taxonomy":"brand","embeddable":true,"href":"https:\/\/houseofwines.pt\/en\/wp-json\/wp\/v2\/etheme_brands?post=892"},{"taxonomy":"product_cat","embeddable":true,"href":"https:\/\/houseofwines.pt\/en\/wp-json\/wp\/v2\/product_cat?post=892"},{"taxonomy":"product_tag","embeddable":true,"href":"https:\/\/houseofwines.pt\/en\/wp-json\/wp\/v2\/product_tag?post=892"}],"curies":[{"name":"wp","href":"https:\/\/api.w.org\/{rel}","templated":true}]}}