{"id":886,"date":"2020-11-04T22:30:36","date_gmt":"2020-11-04T22:30:36","guid":{"rendered":"https:\/\/houseofwines.pt\/en\/?post_type=product&#038;p=886"},"modified":"2020-11-30T12:26:26","modified_gmt":"2020-11-30T12:26:26","slug":"colheita-2017","status":"publish","type":"product","link":"https:\/\/houseofwines.pt\/en\/product\/colheita-2017\/","title":{"rendered":"Colheita 2017"},"content":{"rendered":"<p>[vc_row full_width=&#8221;stretch_row&#8221; gap=&#8221;35&#8243; content_placement=&#8221;middle&#8221; background_position=&#8221;center&#8221; et_uniqid=&#8221;et_custom_uniqid_5f86c6185daf9&#8243; _et_uniqid=&#8221;et_custom_uniqid_new_5f984331cf1ea&#8221;][vc_column et_uniqid=&#8221;et_custom_uniqid_5f86c59f9d34e&#8221; _et_uniqid=&#8221;et_custom_uniqid_new_5fa283c5a13c1&#8243; css=&#8221;.vc_custom_1604486090103{margin-top: -15px !important;margin-bottom: -25px !important;}&#8221;][vc_column_text el_class=&#8221;textobotaoclerkson2&#8243;]<\/p>\n<p style=\"font-size: 13px; color: #5a0c44;\"><span style=\"color: #5a0c44;\"><a style=\"color: #5a0c44;\" href=\"https:\/\/houseofwines.pt\/en\/wp-content\/uploads\/sites\/2\/2020\/11\/FT_QTA.COQUINHO_COLHEITA-TINTO17.pdf\" target=\"_blank\" rel=\"noopener noreferrer\">Download ficha t\u00e9cnica &gt;<\/a><\/span><\/p>\n<p>[\/vc_column_text][\/vc_column][\/vc_row][vc_row][vc_column][vc_column_text]<\/p>\n<h4><span style=\"color: #5a0c44;\">Classifica\u00e7\u00e3o e Regi\u00e3o:<\/span><\/h4>\n<p class=\"p1\">DOP &#8211; Douro Superior<\/p>\n<h4><span style=\"color: #5a0c44;\">Castas:<\/span><\/h4>\n<p class=\"p1\">Touriga Nacional (50%), Touriga Franca (45%) e Sous\u00e3o (5%)<\/p>\n<h4><span style=\"color: #5a0c44;\">Vinifica\u00e7\u00e3o:<\/span><\/h4>\n<p>As uvas foram vindimadas \u00e0 m\u00e3o, no seu ponto ideal de matura\u00e7\u00e3o, pretendendo-se que apresentem uma matura\u00e7\u00e3o pujante, conduzindo a maiores concentra\u00e7\u00f5es arom\u00e1ticas e polifen\u00f3licas. A vinifica\u00e7\u00e3o foi feita em cubas inox, permitindo assim que os constituintes de qualidade presentes nas pel\u00edculas das uvas bem maduras, passassem suavemente para o vinho, com ligeiras remontagens e macera\u00e7\u00f5es prolongadas<\/p>\n<h4><span style=\"color: #5a0c44;\">Est\u00e1gio:<\/span><\/h4>\n<p class=\"p1\">Ap\u00f3s a fermenta\u00e7\u00e3o malol\u00e1ctica o vinho estagiou em barricas de Carvalho Franc\u00eas, novas e de 2\u00ba e 3\u00baanos, durante 12 meses.<\/p>\n<h4><span style=\"color: #5a0c44;\">Engarrafamento:<\/span><\/h4>\n<p class=\"p1\">Janeiro de 2020<\/p>\n<h4><span style=\"color: #5a0c44;\">Nota de Prova e gastronomia:<\/span><\/h4>\n<p>Aroma com notas de violetas combinadas com frutos silvestres, com um toque subtil de Baunilha. Na boca, uma acidez elegante, complementada pela mineralidade caracter\u00edstica do Douro, e boa presen\u00e7a da casta Touriga Nacional. Taninos bem presentes que fazem deste vinho o par ideal para queijos e pratos de carnes vermelhas.<\/p>\n<h4><span style=\"color: #5a0c44;\">Par\u00e2metros Anal\u00edticos:<\/span><\/h4>\n<p>T\u00edtulo alcoom\u00e9trico. 14,5 (%\/v &#8211; 20\u00ba)<br \/>\nPh. 3.69<br \/>\nAcidez Total: 5 g\/dm3 &#8211; \u00e1cido tart\u00e1rico)<br \/>\nAcidez Vol\u00e1til: 0,6 (g\/l \u00e1cido ac\u00e9tico)<br \/>\nCont\u00e9m Sulfitos.<\/p>\n<h4><span style=\"color: #5a0c44;\">En\u00f3logo:<\/span><\/h4>\n<p>Jo\u00e3o Brito e Cunha e Victor Raba\u00e7al[\/vc_column_text][\/vc_column][\/vc_row][vc_row][vc_column][\/vc_column][\/vc_row]<\/p>\n","protected":false},"excerpt":{"rendered":"<p>[vc_row full_width=&#8221;stretch_row&#8221; gap=&#8221;35&#8243; content_placement=&#8221;middle&#8221; background_position=&#8221;center&#8221; et_uniqid=&#8221;et_custom_uniqid_5f86c6185daf9&#8243; _et_uniqid=&#8221;et_custom_uniqid_new_5f984331cf1ea&#8221;][vc_column et_uniqid=&#8221;et_custom_uniqid_5f86c59f9d34e&#8221; _et_uniqid=&#8221;et_custom_uniqid_new_5fa283c5a13c1&#8243; css=&#8221;.vc_custom_1604486090103{margin-top: -15px !important;margin-bottom: -25px !important;}&#8221;][vc_column_text el_class=&#8221;textobotaoclerkson2&#8243;] Download ficha t\u00e9cnica &gt; [\/vc_column_text][\/vc_column][\/vc_row][vc_row][vc_column][vc_column_text] Classifica\u00e7\u00e3o e Regi\u00e3o: DOP &#8211;&#8230;<\/p>\n","protected":false},"featured_media":888,"template":"","meta":[],"etheme_brands":[{"term_id":28,"name":"Quinta do Couquinho","slug":"quinta-do-couquinho","term_group":0,"term_taxonomy_id":28,"taxonomy":"brand","description":"","parent":0,"count":13,"filter":"raw"}],"product_cat":[69,74],"product_tag":[],"class_list":["post-886","product","type-product","status-publish","has-post-thumbnail","hentry","brand-quinta-do-couquinho","product_cat-vinhos","product_cat-quinta-do-couquinho"],"_links":{"self":[{"href":"https:\/\/houseofwines.pt\/en\/wp-json\/wp\/v2\/product\/886","targetHints":{"allow":["GET"]}}],"collection":[{"href":"https:\/\/houseofwines.pt\/en\/wp-json\/wp\/v2\/product"}],"about":[{"href":"https:\/\/houseofwines.pt\/en\/wp-json\/wp\/v2\/types\/product"}],"wp:featuredmedia":[{"embeddable":true,"href":"https:\/\/houseofwines.pt\/en\/wp-json\/wp\/v2\/media\/888"}],"wp:attachment":[{"href":"https:\/\/houseofwines.pt\/en\/wp-json\/wp\/v2\/media?parent=886"}],"wp:term":[{"taxonomy":"brand","embeddable":true,"href":"https:\/\/houseofwines.pt\/en\/wp-json\/wp\/v2\/etheme_brands?post=886"},{"taxonomy":"product_cat","embeddable":true,"href":"https:\/\/houseofwines.pt\/en\/wp-json\/wp\/v2\/product_cat?post=886"},{"taxonomy":"product_tag","embeddable":true,"href":"https:\/\/houseofwines.pt\/en\/wp-json\/wp\/v2\/product_tag?post=886"}],"curies":[{"name":"wp","href":"https:\/\/api.w.org\/{rel}","templated":true}]}}