{"id":1529,"date":"2020-11-20T09:00:10","date_gmt":"2020-11-20T09:00:10","guid":{"rendered":"https:\/\/houseofwines.pt\/en\/?post_type=product&#038;p=1529"},"modified":"2020-11-26T15:16:28","modified_gmt":"2020-11-26T15:16:28","slug":"azeite-virgem-ultra-premium","status":"publish","type":"product","link":"https:\/\/houseofwines.pt\/en\/product\/azeite-virgem-ultra-premium\/","title":{"rendered":"Azeite Virgem Ultra Premium"},"content":{"rendered":"<p>[vc_row full_width=&#8221;stretch_row&#8221; gap=&#8221;35&#8243; content_placement=&#8221;middle&#8221; background_position=&#8221;center&#8221; et_uniqid=&#8221;et_custom_uniqid_5f86c6185daf9&#8243; _et_uniqid=&#8221;et_custom_uniqid_new_5f984331cf1ea&#8221;][vc_column et_uniqid=&#8221;et_custom_uniqid_5f86c59f9d34e&#8221; _et_uniqid=&#8221;et_custom_uniqid_new_5fa283c5a13c1&#8243; css=&#8221;.vc_custom_1604486090103{margin-top: -15px !important;margin-bottom: -25px !important;}&#8221;][vc_column_text el_class=&#8221;textobotaoclerkson2&#8243;]<\/p>\n<p style=\"font-size: 13px; color: #5a0c44;\"><span style=\"color: #5a0c44;\"><a style=\"color: #5a0c44;\" href=\"https:\/\/houseofwines.pt\/en\/wp-content\/uploads\/sites\/2\/2020\/11\/FT_QTA.COUQUINHO_AZEITE.pdf\" target=\"_blank\" rel=\"noopener noreferrer\">Download ficha t\u00e9cnica &gt;<\/a><\/span><\/p>\n<p>[\/vc_column_text][\/vc_column][\/vc_row][vc_row][vc_column][vc_column_text]<\/p>\n<p class=\"p1\"><strong>O Azeite Quinta do Couquinho \u00e9 um produto DOP, natural, proveniente de azeitonas criadas em modo de produ\u00e7\u00e3o integrada, resultantes de olivais plantados ao longo de muitos s\u00e9culos na regi\u00e3o da Terra Quente Transmontana.<\/strong><\/p>\n<h4><span style=\"color: #5a0c44;\">Classifica\u00e7\u00e3o e Regi\u00e3o:<\/span><\/h4>\n<p class=\"p1\">Azeite Virgem Extra. Regi\u00e3o de Tr\u00e1s-os-Montes, Sub-regi\u00e3o do Douro Superior<\/p>\n<h4><span style=\"color: #5a0c44;\">Clima e solo:<\/span><\/h4>\n<p class=\"p1\">Mediterr\u00e2neo e Solo Xistoso.<\/p>\n<h4><span style=\"color: #5a0c44;\">Variedade das Azeitonas:<\/span><\/h4>\n<p class=\"p1\">Variedades portuguesas &#8211; Verdeal, Redondal, Cobran\u00e7osa e Cordovil<\/p>\n<h4><span style=\"color: #5a0c44;\">Colheita:<\/span><\/h4>\n<p class=\"p1\">O arranque da campanha acontece logo que as caracter\u00edsticas organol\u00e9pticas da azeitona indiquem a total potencialidade arom\u00e1tica do ano. Com a aten\u00e7\u00e3o centrada na apanha da azeitona e na sua labora\u00e7\u00e3o no m\u00ednimo tempo poss\u00edvel, h\u00e1 o cuidado de concluir a campanha antes da chegada das geadas caracter\u00edsticas do inverno Transmontano, que que pode denegrir a qualidade do azeite. A colheita processa-se mecanicamente com varejadores\/vibradores de dorso para toldos, uma t\u00e9cnica que permite preservar a estrutura da \u00e1rvore e n\u00e3o danificar a azeitona. A azeitona \u00e9 transportada em pequenos palotes, seguindo diariamente para entrega em lagar. N\u00e3o \u00e9 aproveitada qualquer azeitona do ch\u00e3o.De dois em dois anos \u00e9 feita uma ligeira poda de manuten\u00e7\u00e3o nas oliveiras, sempre com o cuidado de preservar a ecologia da \u00e1rvore.<\/p>\n<h4><span style=\"color: #5a0c44;\">Labora\u00e7\u00e3o:<\/span><\/h4>\n<p class=\"p1\">A azeitona \u00e9 laborada num Lagar Ecol\u00f3gico com extrac\u00e7\u00e3o feita a frio a temperaturas sempre inferiores a 20\u00baC. Sem adi\u00e7\u00e3o de \u00e1gua ou conservantes, todo oprocesso \u00e9 desenvolvido de forma a preservar o picante bem como a do\u00e7ura de prova em boca, permitindo conservar intactas as caracter\u00edsticas organol\u00e9pticas que os olivais centen\u00e1rios conferem \u00e0 azeitona. Este azeite \u00e9 posteriormente sujeito a uma decanta\u00e7\u00e3o natural, em dep\u00f3sitos de a\u00e7o inoxid\u00e1vel hermeticamente fechados, a uma temperatura constante.<\/p>\n<h4><span style=\"color: #5a0c44;\">Nota de Prova e gastronomia:<\/span><\/h4>\n<p class=\"p1\">Cor de fruta verde com reflexos dourados. No Nariz, notas de erva em folha verde, com algumas sensa\u00e7\u00f5es de frutos secos, nomeadamente noz. Na Boca, Notas doces, com amargo e picante muito equilibrado, real\u00e7ando notas de erva fresca. Com um final de boca muito bom e intenso. Em cru \u00e9 ideal para temperar saladas e tostadas de azeite, quente serve bem como tempero de carne grelhada e legumes saut\u00e9<\/p>\n<p>[\/vc_column_text][\/vc_column][\/vc_row]<\/p>\n","protected":false},"excerpt":{"rendered":"<p>[vc_row full_width=&#8221;stretch_row&#8221; gap=&#8221;35&#8243; content_placement=&#8221;middle&#8221; background_position=&#8221;center&#8221; et_uniqid=&#8221;et_custom_uniqid_5f86c6185daf9&#8243; _et_uniqid=&#8221;et_custom_uniqid_new_5f984331cf1ea&#8221;][vc_column et_uniqid=&#8221;et_custom_uniqid_5f86c59f9d34e&#8221; _et_uniqid=&#8221;et_custom_uniqid_new_5fa283c5a13c1&#8243; css=&#8221;.vc_custom_1604486090103{margin-top: -15px !important;margin-bottom: -25px !important;}&#8221;][vc_column_text el_class=&#8221;textobotaoclerkson2&#8243;] Download ficha t\u00e9cnica &gt; [\/vc_column_text][\/vc_column][\/vc_row][vc_row][vc_column][vc_column_text] O Azeite Quinta do Couquinho&#8230;<\/p>\n","protected":false},"featured_media":1530,"template":"","meta":[],"etheme_brands":[{"term_id":28,"name":"Quinta do Couquinho","slug":"quinta-do-couquinho","term_group":0,"term_taxonomy_id":28,"taxonomy":"brand","description":"","parent":0,"count":13,"filter":"raw"}],"product_cat":[71,72,74],"product_tag":[],"class_list":["post-1529","product","type-product","status-publish","has-post-thumbnail","hentry","brand-quinta-do-couquinho","product_cat-azeites","product_cat-produtores","product_cat-quinta-do-couquinho"],"_links":{"self":[{"href":"https:\/\/houseofwines.pt\/en\/wp-json\/wp\/v2\/product\/1529","targetHints":{"allow":["GET"]}}],"collection":[{"href":"https:\/\/houseofwines.pt\/en\/wp-json\/wp\/v2\/product"}],"about":[{"href":"https:\/\/houseofwines.pt\/en\/wp-json\/wp\/v2\/types\/product"}],"wp:featuredmedia":[{"embeddable":true,"href":"https:\/\/houseofwines.pt\/en\/wp-json\/wp\/v2\/media\/1530"}],"wp:attachment":[{"href":"https:\/\/houseofwines.pt\/en\/wp-json\/wp\/v2\/media?parent=1529"}],"wp:term":[{"taxonomy":"brand","embeddable":true,"href":"https:\/\/houseofwines.pt\/en\/wp-json\/wp\/v2\/etheme_brands?post=1529"},{"taxonomy":"product_cat","embeddable":true,"href":"https:\/\/houseofwines.pt\/en\/wp-json\/wp\/v2\/product_cat?post=1529"},{"taxonomy":"product_tag","embeddable":true,"href":"https:\/\/houseofwines.pt\/en\/wp-json\/wp\/v2\/product_tag?post=1529"}],"curies":[{"name":"wp","href":"https:\/\/api.w.org\/{rel}","templated":true}]}}