{"id":1502,"date":"2020-11-19T23:15:42","date_gmt":"2020-11-19T23:15:42","guid":{"rendered":"https:\/\/houseofwines.pt\/en\/?post_type=product&#038;p=1502"},"modified":"2020-11-30T11:21:35","modified_gmt":"2020-11-30T11:21:35","slug":"maria-bonita-loureiro-barrica","status":"publish","type":"product","link":"https:\/\/houseofwines.pt\/en\/product\/maria-bonita-loureiro-barrica\/","title":{"rendered":"Maria Bonita Loureiro Barrica"},"content":{"rendered":"<p>[vc_row full_width=&#8221;stretch_row&#8221; gap=&#8221;35&#8243; content_placement=&#8221;middle&#8221; background_position=&#8221;center&#8221; et_uniqid=&#8221;et_custom_uniqid_5f86c6185daf9&#8243; _et_uniqid=&#8221;et_custom_uniqid_new_5f984331cf1ea&#8221;][vc_column et_uniqid=&#8221;et_custom_uniqid_5f86c59f9d34e&#8221; _et_uniqid=&#8221;et_custom_uniqid_new_5fa283c5a13c1&#8243; css=&#8221;.vc_custom_1604486090103{margin-top: -15px !important;margin-bottom: -25px !important;}&#8221;][vc_column_text el_class=&#8221;textobotaoclerkson2&#8243;]<\/p>\n<p style=\"font-size: 13px; color: #5a0c44;\"><span style=\"color: #5a0c44;\"><a style=\"color: #5a0c44;\" href=\"https:\/\/houseofwines.pt\/en\/wp-content\/uploads\/sites\/2\/2020\/11\/FT_LUA-CHEIA_M.BONITA-LOUREIRO-BARRICA17.pdf\" target=\"_blank\" rel=\"noopener noreferrer\">Download ficha t\u00e9cnica &gt;<\/a><\/span><\/p>\n<p>[\/vc_column_text][\/vc_column][\/vc_row][vc_row][vc_column][vc_column_text]<\/p>\n<h4><span style=\"color: #5a0c44;\">Classifica\u00e7\u00e3o e Regi\u00e3o:<\/span><\/h4>\n<p class=\"p1\">D.O.C. Vinho Verde<\/p>\n<h4><span style=\"color: #5a0c44;\">Clima e solo:<\/span><\/h4>\n<p class=\"p1\">Solo de origem granitica, clima com influencia Atlantica<\/p>\n<h4><span style=\"color: #5a0c44;\">Castas:<\/span><\/h4>\n<p class=\"p1\">Loureiro (100%)<\/p>\n<h4><span style=\"color: #5a0c44;\">Vinifica\u00e7\u00e3o:<\/span><\/h4>\n<p class=\"p1\">Produzido a partir da nossa vinha mais velha, este Loureiro, vinificado pelos m\u00e9todos ancestrais, fermentou em barricas usadas de 300 litros por forma a garantir a ideal evolu\u00e7\u00e3o em garrafa durante muitos anos.<\/p>\n<h4><span style=\"color: #5a0c44;\">Est\u00e1gio:<\/span><\/h4>\n<p class=\"p1\">Fermentou e estagiou em barricas usadas durante 8 meses.<\/p>\n<h4><span style=\"color: #5a0c44;\">Engarrafamento:<\/span><\/h4>\n<p class=\"p1\">nd.<\/p>\n<h4><span style=\"color: #5a0c44;\">Nota de Prova e gastronomia:<\/span><\/h4>\n<p class=\"p1\">Apresenta-se de cor amarela citrina, l\u00edmpida e intensa. Aroma de grande intensidade e eleg\u00e2ncia, muito frutado (brancos e c\u00edtricos) com notas minerais. Na boca \u00e9 estruturado e equilibrado, fresco e vibrante. Excelente acidez. Belas notas c\u00edtricas e final muito longo. Acompanha bem pratos de cozinha mediterr\u00e2nica, \u00e0 base de peixe e marisco.<\/p>\n<h4><span style=\"color: #5a0c44;\">Par\u00e2metros Anal\u00edticos:<\/span><\/h4>\n<p>T\u00edtulo alcoom\u00e9trico. 12,00%<br \/>\nPh. 3,2<br \/>\nAcidez Total: 6,70 g\/l<br \/>\nA\u00e7\u00facar: &lt;1,5 g\/l<br \/>\nSO2 livre:<br \/>\nCont\u00e9m Sulfitos.<\/p>\n<p><strong><span style=\"color: #5a0c44;\">En\u00f3logo:<\/span><\/strong><\/p>\n<p class=\"p1\">Francisco Baptista<\/p>\n<p>[\/vc_column_text][\/vc_column][\/vc_row]<\/p>\n","protected":false},"excerpt":{"rendered":"<p>[vc_row full_width=&#8221;stretch_row&#8221; gap=&#8221;35&#8243; content_placement=&#8221;middle&#8221; background_position=&#8221;center&#8221; et_uniqid=&#8221;et_custom_uniqid_5f86c6185daf9&#8243; _et_uniqid=&#8221;et_custom_uniqid_new_5f984331cf1ea&#8221;][vc_column et_uniqid=&#8221;et_custom_uniqid_5f86c59f9d34e&#8221; _et_uniqid=&#8221;et_custom_uniqid_new_5fa283c5a13c1&#8243; css=&#8221;.vc_custom_1604486090103{margin-top: -15px !important;margin-bottom: -25px !important;}&#8221;][vc_column_text el_class=&#8221;textobotaoclerkson2&#8243;] Download ficha t\u00e9cnica &gt; [\/vc_column_text][\/vc_column][\/vc_row][vc_row][vc_column][vc_column_text] Classifica\u00e7\u00e3o e Regi\u00e3o: D.O.C. Vinho&#8230;<\/p>\n","protected":false},"featured_media":1503,"template":"","meta":[],"etheme_brands":[{"term_id":27,"name":"Lua Cheia","slug":"lua-cheia","term_group":0,"term_taxonomy_id":27,"taxonomy":"brand","description":"","parent":0,"count":44,"filter":"raw"}],"product_cat":[69,72,80],"product_tag":[],"class_list":["post-1502","product","type-product","status-publish","has-post-thumbnail","hentry","brand-lua-cheia","product_cat-vinhos","product_cat-produtores","product_cat-lua-cheia-em-vinhas-velhas"],"_links":{"self":[{"href":"https:\/\/houseofwines.pt\/en\/wp-json\/wp\/v2\/product\/1502","targetHints":{"allow":["GET"]}}],"collection":[{"href":"https:\/\/houseofwines.pt\/en\/wp-json\/wp\/v2\/product"}],"about":[{"href":"https:\/\/houseofwines.pt\/en\/wp-json\/wp\/v2\/types\/product"}],"wp:featuredmedia":[{"embeddable":true,"href":"https:\/\/houseofwines.pt\/en\/wp-json\/wp\/v2\/media\/1503"}],"wp:attachment":[{"href":"https:\/\/houseofwines.pt\/en\/wp-json\/wp\/v2\/media?parent=1502"}],"wp:term":[{"taxonomy":"brand","embeddable":true,"href":"https:\/\/houseofwines.pt\/en\/wp-json\/wp\/v2\/etheme_brands?post=1502"},{"taxonomy":"product_cat","embeddable":true,"href":"https:\/\/houseofwines.pt\/en\/wp-json\/wp\/v2\/product_cat?post=1502"},{"taxonomy":"product_tag","embeddable":true,"href":"https:\/\/houseofwines.pt\/en\/wp-json\/wp\/v2\/product_tag?post=1502"}],"curies":[{"name":"wp","href":"https:\/\/api.w.org\/{rel}","templated":true}]}}