{"id":1490,"date":"2020-11-19T23:06:53","date_gmt":"2020-11-19T23:06:53","guid":{"rendered":"https:\/\/houseofwines.pt\/en\/?post_type=product&#038;p=1490"},"modified":"2020-11-30T11:23:35","modified_gmt":"2020-11-30T11:23:35","slug":"insurgente-tinto-doc","status":"publish","type":"product","link":"https:\/\/houseofwines.pt\/en\/product\/insurgente-tinto-doc\/","title":{"rendered":"Insurgente Tinto DOC"},"content":{"rendered":"<p>[vc_row full_width=&#8221;stretch_row&#8221; gap=&#8221;35&#8243; content_placement=&#8221;middle&#8221; background_position=&#8221;center&#8221; et_uniqid=&#8221;et_custom_uniqid_5f86c6185daf9&#8243; _et_uniqid=&#8221;et_custom_uniqid_new_5f984331cf1ea&#8221;][vc_column et_uniqid=&#8221;et_custom_uniqid_5f86c59f9d34e&#8221; _et_uniqid=&#8221;et_custom_uniqid_new_5fa283c5a13c1&#8243; css=&#8221;.vc_custom_1604486090103{margin-top: -15px !important;margin-bottom: -25px !important;}&#8221;][vc_column_text el_class=&#8221;textobotaoclerkson2&#8243;]<\/p>\n<p style=\"font-size: 13px; color: #5a0c44;\"><span style=\"color: #5a0c44;\"><a style=\"color: #5a0c44;\" href=\"https:\/\/houseofwines.pt\/en\/wp-content\/uploads\/sites\/2\/2020\/11\/FT_LUA-CHEIA_INSURGENTE16.pdf\" target=\"_blank\" rel=\"noopener noreferrer\">Download ficha t\u00e9cnica &gt;<\/a><\/span><\/p>\n<p>[\/vc_column_text][\/vc_column][\/vc_row][vc_row][vc_column][vc_column_text]<\/p>\n<h4><span style=\"color: #5a0c44;\">Classifica\u00e7\u00e3o e Regi\u00e3o:<\/span><\/h4>\n<p class=\"p1\">DOC &#8211; Douro<\/p>\n<h4><span style=\"color: #5a0c44;\">Clima e solo:<\/span><\/h4>\n<p class=\"p1\">Vinhas plantadas em solos ricos em granito nobre. Clima influenciado pela Serra da Estrela e Caramulo<\/p>\n<h4><span style=\"color: #5a0c44;\">Castas:<\/span><\/h4>\n<p class=\"p1\">Touriga Nacional, Alfrocheiro<\/p>\n<h4><span style=\"color: #5a0c44;\">Vinifica\u00e7\u00e3o:<\/span><\/h4>\n<p class=\"p1\">Vindima em caixa de 22 Quilogramas. Desengace e esmagamento, 12 horas de macera\u00e7\u00e3o pr\u00e9 fermentativa; Utiliza\u00e7\u00e3o de leveduras selecionadas. Fermenta\u00e7\u00e3o alco\u00f3lica com controlo de temperatura (22-24\u00baC), fermenta\u00e7\u00e3o p\u00f3s fermentativa de 60 dias nas massas<\/p>\n<h4><span style=\"color: #5a0c44;\">Est\u00e1gio:<\/span><\/h4>\n<p class=\"p1\">n.d.<\/p>\n<h4><span style=\"color: #5a0c44;\">Engarrafamento:<\/span><\/h4>\n<p class=\"p1\">nd.<\/p>\n<h4><span style=\"color: #5a0c44;\">Nota de Prova e gastronomia:<\/span><\/h4>\n<p class=\"p1\">Apresenta-se de cor vermelho granada, aroma muito intenso e complexo. Fruta vermelha madura e notas bals\u00e2micas a lembrar pinhal e eucalipto. Final de boca muito persistente onde regressam as notas de fruta madura e a frescura das notas bals\u00e2micas. Acompanha pratos de cozinha mediterr\u00e2nea, pastas e queijos de pasta mole.<\/p>\n<h4><span style=\"color: #5a0c44;\">Par\u00e2metros Anal\u00edticos:<\/span><\/h4>\n<p>T\u00edtulo alcoom\u00e9trico. 14,00%<br \/>\nPh. 3.73<br \/>\nAcidez Total: 5,08 g\/l<br \/>\nA\u00e7\u00facar: 1,1 g\/l<br \/>\nSO2 livre:<br \/>\nCont\u00e9m Sulfitos.<\/p>\n<p><span style=\"color: #5a0c44;\">En\u00f3logo:<\/span><\/p>\n<p class=\"p1\">Francisco Baptista<\/p>\n<p>[\/vc_column_text][\/vc_column][\/vc_row]<\/p>\n","protected":false},"excerpt":{"rendered":"<p>[vc_row full_width=&#8221;stretch_row&#8221; gap=&#8221;35&#8243; content_placement=&#8221;middle&#8221; background_position=&#8221;center&#8221; et_uniqid=&#8221;et_custom_uniqid_5f86c6185daf9&#8243; _et_uniqid=&#8221;et_custom_uniqid_new_5f984331cf1ea&#8221;][vc_column et_uniqid=&#8221;et_custom_uniqid_5f86c59f9d34e&#8221; _et_uniqid=&#8221;et_custom_uniqid_new_5fa283c5a13c1&#8243; css=&#8221;.vc_custom_1604486090103{margin-top: -15px !important;margin-bottom: -25px !important;}&#8221;][vc_column_text el_class=&#8221;textobotaoclerkson2&#8243;] Download ficha t\u00e9cnica &gt; [\/vc_column_text][\/vc_column][\/vc_row][vc_row][vc_column][vc_column_text] Classifica\u00e7\u00e3o e Regi\u00e3o: DOC &#8211;&#8230;<\/p>\n","protected":false},"featured_media":1491,"template":"","meta":[],"etheme_brands":[{"term_id":27,"name":"Lua Cheia","slug":"lua-cheia","term_group":0,"term_taxonomy_id":27,"taxonomy":"brand","description":"","parent":0,"count":44,"filter":"raw"}],"product_cat":[69,72,80],"product_tag":[],"class_list":["post-1490","product","type-product","status-publish","has-post-thumbnail","hentry","brand-lua-cheia","product_cat-vinhos","product_cat-produtores","product_cat-lua-cheia-em-vinhas-velhas"],"_links":{"self":[{"href":"https:\/\/houseofwines.pt\/en\/wp-json\/wp\/v2\/product\/1490","targetHints":{"allow":["GET"]}}],"collection":[{"href":"https:\/\/houseofwines.pt\/en\/wp-json\/wp\/v2\/product"}],"about":[{"href":"https:\/\/houseofwines.pt\/en\/wp-json\/wp\/v2\/types\/product"}],"wp:featuredmedia":[{"embeddable":true,"href":"https:\/\/houseofwines.pt\/en\/wp-json\/wp\/v2\/media\/1491"}],"wp:attachment":[{"href":"https:\/\/houseofwines.pt\/en\/wp-json\/wp\/v2\/media?parent=1490"}],"wp:term":[{"taxonomy":"brand","embeddable":true,"href":"https:\/\/houseofwines.pt\/en\/wp-json\/wp\/v2\/etheme_brands?post=1490"},{"taxonomy":"product_cat","embeddable":true,"href":"https:\/\/houseofwines.pt\/en\/wp-json\/wp\/v2\/product_cat?post=1490"},{"taxonomy":"product_tag","embeddable":true,"href":"https:\/\/houseofwines.pt\/en\/wp-json\/wp\/v2\/product_tag?post=1490"}],"curies":[{"name":"wp","href":"https:\/\/api.w.org\/{rel}","templated":true}]}}