{"id":1381,"date":"2020-11-18T22:31:48","date_gmt":"2020-11-18T22:31:48","guid":{"rendered":"https:\/\/houseofwines.pt\/en\/?post_type=product&#038;p=1381"},"modified":"2020-11-30T12:32:48","modified_gmt":"2020-11-30T12:32:48","slug":"monteirinhos-espumante-rose-brut-nature","status":"publish","type":"product","link":"https:\/\/houseofwines.pt\/en\/product\/monteirinhos-espumante-rose-brut-nature\/","title":{"rendered":"Monteirinhos Espumante Ros\u00e9 Brut Nature"},"content":{"rendered":"<p>[vc_row full_width=&#8221;stretch_row&#8221; gap=&#8221;35&#8243; content_placement=&#8221;middle&#8221; background_position=&#8221;center&#8221; et_uniqid=&#8221;et_custom_uniqid_5f86c6185daf9&#8243; _et_uniqid=&#8221;et_custom_uniqid_new_5f984331cf1ea&#8221;][vc_column et_uniqid=&#8221;et_custom_uniqid_5f86c59f9d34e&#8221; _et_uniqid=&#8221;et_custom_uniqid_new_5fa283c5a13c1&#8243; css=&#8221;.vc_custom_1604486090103{margin-top: -15px !important;margin-bottom: -25px !important;}&#8221;][vc_column_text el_class=&#8221;textobotaoclerkson2&#8243;]<\/p>\n<p style=\"font-size: 13px; color: #5a0c44;\"><span style=\"color: #5a0c44;\"><a style=\"color: #5a0c44;\" href=\"https:\/\/houseofwines.pt\/en\/wp-content\/uploads\/sites\/2\/2020\/11\/FT_QTA.MONTEIRINHOS_ESPUMANTE-ROSE.pdf\" target=\"_blank\" rel=\"noopener noreferrer\">Download ficha t\u00e9cnica &gt;<\/a><\/span><\/p>\n<p>[\/vc_column_text][\/vc_column][\/vc_row][vc_row][vc_column][vc_column_text]<\/p>\n<p class=\"p1\"><strong>Tambuladeira de Ouro \u2013 Escan\u00e7\u00f5es de Portugal<\/strong><\/p>\n<p class=\"p1\"><strong>85 Pontos \u2013 Brut Experience<\/strong><\/p>\n<h4><span style=\"color: #5a0c44;\">Classifica\u00e7\u00e3o e Regi\u00e3o:<\/span><\/h4>\n<p class=\"p1\">D.O.C. D\u00e3o<\/p>\n<h4><span style=\"color: #5a0c44;\">Clima e solo:<\/span><\/h4>\n<p class=\"p1\">Excelente exposi\u00e7\u00e3o solar e solos arenosos e gran\u00edticos.<\/p>\n<h4><span style=\"color: #5a0c44;\">Castas:<\/span><\/h4>\n<p class=\"p1\">Touriga Nacional (100%)<\/p>\n<h4><span style=\"color: #5a0c44;\">Vinifica\u00e7\u00e3o:<\/span><\/h4>\n<p class=\"p1\">Fermenta\u00e7\u00e3o do mosto a baixas temperaturas, 15\u00baC obtido a partir da prensagem direta das uvas. Segunda fermenta\u00e7\u00e3o realizada segundo o m\u00e9todo champanh\u00eas com leveduras livres.<\/p>\n<h4><span style=\"color: #5a0c44;\">Est\u00e1gio:<\/span><\/h4>\n<p class=\"p1\">Estagio nas borras finas de 12 meses.<\/p>\n<h4><span style=\"color: #5a0c44;\">Nota de Prova e gastronomia:<\/span><\/h4>\n<p class=\"p1\">Elegante e complexo, com notas de frutos vermelhos macerados e especiado. \u00c9 um espumante jovem e alegre de bolha fina. Apresenta um final longo e viciante.<\/p>\n<h4><span style=\"color: #5a0c44;\">Par\u00e2metros Anal\u00edticos:<\/span><\/h4>\n<p>T\u00edtulo alcoom\u00e9trico. 12,00%<br \/>\nCont\u00e9m Sulfitos.<\/p>\n<h4><span style=\"color: #5a0c44;\">En\u00f3logo:<\/span><\/h4>\n<p class=\"p1\">Hugo Chaves de Sousa<\/p>\n<p>[\/vc_column_text][\/vc_column][\/vc_row]<\/p>\n","protected":false},"excerpt":{"rendered":"<p>[vc_row full_width=&#8221;stretch_row&#8221; gap=&#8221;35&#8243; content_placement=&#8221;middle&#8221; background_position=&#8221;center&#8221; et_uniqid=&#8221;et_custom_uniqid_5f86c6185daf9&#8243; _et_uniqid=&#8221;et_custom_uniqid_new_5f984331cf1ea&#8221;][vc_column et_uniqid=&#8221;et_custom_uniqid_5f86c59f9d34e&#8221; _et_uniqid=&#8221;et_custom_uniqid_new_5fa283c5a13c1&#8243; css=&#8221;.vc_custom_1604486090103{margin-top: -15px !important;margin-bottom: -25px !important;}&#8221;][vc_column_text el_class=&#8221;textobotaoclerkson2&#8243;] Download ficha t\u00e9cnica &gt; [\/vc_column_text][\/vc_column][\/vc_row][vc_row][vc_column][vc_column_text] Tambuladeira de Ouro \u2013 Escan\u00e7\u00f5es&#8230;<\/p>\n","protected":false},"featured_media":1382,"template":"","meta":[],"etheme_brands":[{"term_id":91,"name":"Quinta dos Monteirinhos","slug":"quinta-dos-monteirinhos","term_group":0,"term_taxonomy_id":91,"taxonomy":"brand","description":"","parent":0,"count":7,"filter":"raw"}],"product_cat":[69,72,94],"product_tag":[],"class_list":["post-1381","product","type-product","status-publish","has-post-thumbnail","hentry","brand-quinta-dos-monteirinhos","product_cat-vinhos","product_cat-produtores","product_cat-quinta-dos-monteirinhos"],"_links":{"self":[{"href":"https:\/\/houseofwines.pt\/en\/wp-json\/wp\/v2\/product\/1381","targetHints":{"allow":["GET"]}}],"collection":[{"href":"https:\/\/houseofwines.pt\/en\/wp-json\/wp\/v2\/product"}],"about":[{"href":"https:\/\/houseofwines.pt\/en\/wp-json\/wp\/v2\/types\/product"}],"wp:featuredmedia":[{"embeddable":true,"href":"https:\/\/houseofwines.pt\/en\/wp-json\/wp\/v2\/media\/1382"}],"wp:attachment":[{"href":"https:\/\/houseofwines.pt\/en\/wp-json\/wp\/v2\/media?parent=1381"}],"wp:term":[{"taxonomy":"brand","embeddable":true,"href":"https:\/\/houseofwines.pt\/en\/wp-json\/wp\/v2\/etheme_brands?post=1381"},{"taxonomy":"product_cat","embeddable":true,"href":"https:\/\/houseofwines.pt\/en\/wp-json\/wp\/v2\/product_cat?post=1381"},{"taxonomy":"product_tag","embeddable":true,"href":"https:\/\/houseofwines.pt\/en\/wp-json\/wp\/v2\/product_tag?post=1381"}],"curies":[{"name":"wp","href":"https:\/\/api.w.org\/{rel}","templated":true}]}}