{"id":1375,"date":"2020-11-17T22:11:45","date_gmt":"2020-11-17T22:11:45","guid":{"rendered":"https:\/\/houseofwines.pt\/en\/?post_type=product&#038;p=1375"},"modified":"2020-11-30T11:36:57","modified_gmt":"2020-11-30T11:36:57","slug":"q-ponte-pedrinha-vinhas-velhas-tinto","status":"publish","type":"product","link":"https:\/\/houseofwines.pt\/en\/product\/q-ponte-pedrinha-vinhas-velhas-tinto\/","title":{"rendered":"Q Ponte Pedrinha Vinhas Velhas Tinto"},"content":{"rendered":"<p>[vc_row full_width=&#8221;stretch_row&#8221; gap=&#8221;35&#8243; content_placement=&#8221;middle&#8221; background_position=&#8221;center&#8221; et_uniqid=&#8221;et_custom_uniqid_5f86c6185daf9&#8243; _et_uniqid=&#8221;et_custom_uniqid_new_5f984331cf1ea&#8221;][vc_column et_uniqid=&#8221;et_custom_uniqid_5f86c59f9d34e&#8221; _et_uniqid=&#8221;et_custom_uniqid_new_5fa283c5a13c1&#8243; css=&#8221;.vc_custom_1604486090103{margin-top: -15px !important;margin-bottom: -25px !important;}&#8221;][vc_column_text el_class=&#8221;textobotaoclerkson2&#8243;]<\/p>\n<p style=\"font-size: 13px; color: #5a0c44;\"><span style=\"color: #5a0c44;\"><a style=\"color: #5a0c44;\" href=\"https:\/\/houseofwines.pt\/en\/wp-content\/uploads\/sites\/2\/2020\/11\/FT_QTA.P.PEDRINHA_VINHAS-VELHAS-TINTO15.pdf\" target=\"_blank\" rel=\"noopener noreferrer\">Download ficha t\u00e9cnica &gt;<\/a><\/span><\/p>\n<p>[\/vc_column_text][\/vc_column][\/vc_row][vc_row][vc_column][vc_column_text]<\/p>\n<p class=\"p1\"><strong>91 PONTOS \u2013 Andreas Larsson (Best Sommelier 2007)<\/strong><\/p>\n<p class=\"p1\"><strong>2019 Medalha de Ouro \u2013 Concurso de Vinhos de Portugal 2019<\/strong><\/p>\n<h4><span style=\"color: #5a0c44;\">Classifica\u00e7\u00e3o e Regi\u00e3o:<\/span><\/h4>\n<p class=\"p1\">D.O.C. D\u00e3o<\/p>\n<h4><span style=\"color: #5a0c44;\">Clima e solo:<\/span><\/h4>\n<p class=\"p1\">Solos ricos em granito nobre. Clima influenciado pela Serra da Estrela e Caramulo<\/p>\n<h4><span style=\"color: #5a0c44;\">Castas:<\/span><\/h4>\n<p class=\"p1\">Cole\u00e7\u00e3o de Castas com 47 anos de idade<\/p>\n<h4><span style=\"color: #5a0c44;\">Vinifica\u00e7\u00e3o:<\/span><\/h4>\n<p class=\"p1\">Vindima manual em caixas de 20 Kg. Fermenta\u00e7\u00e3o em cubas de inox com temperatura controlada, seguindo-se uma longa macera\u00e7\u00e3o p\u00f3s fermenta\u00e7\u00e3o.<\/p>\n<h4><span style=\"color: #5a0c44;\">Est\u00e1gio:<\/span><\/h4>\n<p class=\"p1\">O est\u00e1gio foi feito tamb\u00e9m em cubas de inox.<\/p>\n<h4><span style=\"color: #5a0c44;\">Par\u00e2metros Anal\u00edticos:<\/span><\/h4>\n<p>T\u00edtulo alcoom\u00e9trico. 14,00%<br \/>\nAcidez Total: 5,47 g\/l<br \/>\nCont\u00e9m Sulfitos.<\/p>\n<h4><span style=\"color: #5a0c44;\">En\u00f3logo:<\/span><\/h4>\n<p class=\"p1\">Patricia Carvalho<\/p>\n<p>[\/vc_column_text][\/vc_column][\/vc_row]<\/p>\n","protected":false},"excerpt":{"rendered":"<p>[vc_row full_width=&#8221;stretch_row&#8221; gap=&#8221;35&#8243; content_placement=&#8221;middle&#8221; background_position=&#8221;center&#8221; et_uniqid=&#8221;et_custom_uniqid_5f86c6185daf9&#8243; _et_uniqid=&#8221;et_custom_uniqid_new_5f984331cf1ea&#8221;][vc_column et_uniqid=&#8221;et_custom_uniqid_5f86c59f9d34e&#8221; _et_uniqid=&#8221;et_custom_uniqid_new_5fa283c5a13c1&#8243; css=&#8221;.vc_custom_1604486090103{margin-top: -15px !important;margin-bottom: -25px !important;}&#8221;][vc_column_text el_class=&#8221;textobotaoclerkson2&#8243;] Download ficha t\u00e9cnica &gt; [\/vc_column_text][\/vc_column][\/vc_row][vc_row][vc_column][vc_column_text] 91 PONTOS \u2013 Andreas Larsson&#8230;<\/p>\n","protected":false},"featured_media":1376,"template":"","meta":[],"etheme_brands":[{"term_id":19,"name":"Quinta da Ponte Pedrinha","slug":"quinta-da-ponte-pedrinha","term_group":0,"term_taxonomy_id":19,"taxonomy":"brand","description":"","parent":0,"count":6,"filter":"raw"}],"product_cat":[69,72,83],"product_tag":[],"class_list":["post-1375","product","type-product","status-publish","has-post-thumbnail","hentry","brand-quinta-da-ponte-pedrinha","product_cat-vinhos","product_cat-produtores","product_cat-quinta-da-ponte-pedrinha"],"_links":{"self":[{"href":"https:\/\/houseofwines.pt\/en\/wp-json\/wp\/v2\/product\/1375","targetHints":{"allow":["GET"]}}],"collection":[{"href":"https:\/\/houseofwines.pt\/en\/wp-json\/wp\/v2\/product"}],"about":[{"href":"https:\/\/houseofwines.pt\/en\/wp-json\/wp\/v2\/types\/product"}],"wp:featuredmedia":[{"embeddable":true,"href":"https:\/\/houseofwines.pt\/en\/wp-json\/wp\/v2\/media\/1376"}],"wp:attachment":[{"href":"https:\/\/houseofwines.pt\/en\/wp-json\/wp\/v2\/media?parent=1375"}],"wp:term":[{"taxonomy":"brand","embeddable":true,"href":"https:\/\/houseofwines.pt\/en\/wp-json\/wp\/v2\/etheme_brands?post=1375"},{"taxonomy":"product_cat","embeddable":true,"href":"https:\/\/houseofwines.pt\/en\/wp-json\/wp\/v2\/product_cat?post=1375"},{"taxonomy":"product_tag","embeddable":true,"href":"https:\/\/houseofwines.pt\/en\/wp-json\/wp\/v2\/product_tag?post=1375"}],"curies":[{"name":"wp","href":"https:\/\/api.w.org\/{rel}","templated":true}]}}