{"id":1054,"date":"2020-11-10T16:20:03","date_gmt":"2020-11-10T16:20:03","guid":{"rendered":"https:\/\/houseofwines.pt\/en\/?post_type=product&#038;p=1054"},"modified":"2020-11-30T12:16:39","modified_gmt":"2020-11-30T12:16:39","slug":"arinto-2019","status":"publish","type":"product","link":"https:\/\/houseofwines.pt\/en\/product\/arinto-2019\/","title":{"rendered":"Arinto 2019"},"content":{"rendered":"<p>[vc_row full_width=&#8221;stretch_row&#8221; gap=&#8221;35&#8243; content_placement=&#8221;middle&#8221; background_position=&#8221;center&#8221; et_uniqid=&#8221;et_custom_uniqid_5f86c6185daf9&#8243; _et_uniqid=&#8221;et_custom_uniqid_new_5f984331cf1ea&#8221;][vc_column et_uniqid=&#8221;et_custom_uniqid_5f86c59f9d34e&#8221; _et_uniqid=&#8221;et_custom_uniqid_new_5fa283c5a13c1&#8243; css=&#8221;.vc_custom_1604486090103{margin-top: -15px !important;margin-bottom: -25px !important;}&#8221;][vc_column_text el_class=&#8221;textobotaoclerkson2&#8243;]<\/p>\n<p style=\"font-size: 13px; color: #5a0c44;\"><span style=\"color: #5a0c44;\"><a style=\"color: #5a0c44;\" href=\"https:\/\/houseofwines.pt\/en\/wp-content\/uploads\/sites\/2\/2020\/11\/FT_PAXA_ARINTO19.pdf\" target=\"_blank\" rel=\"noopener noreferrer\">Download ficha t\u00e9cnica &gt;<\/a><\/span><\/p>\n<p>[\/vc_column_text][\/vc_column][\/vc_row][vc_row][vc_column][vc_column_text]<\/p>\n<h4><span style=\"color: #5a0c44;\">Classifica\u00e7\u00e3o e Regi\u00e3o:<\/span><\/h4>\n<p class=\"p1\">Vinho Regional do Algarve<\/p>\n<h4><span style=\"color: #5a0c44;\">Clima e solo:<\/span><\/h4>\n<p class=\"p1\">Argilo Calc\u00e1rios<\/p>\n<h4><span style=\"color: #5a0c44;\">Castas:<\/span><\/h4>\n<p class=\"p1\">100% Arinto<\/p>\n<h4><span style=\"color: #5a0c44;\">Vinifica\u00e7\u00e3o:<\/span><\/h4>\n<p class=\"p1\">Vindima manual muito seletiva, em caixas de 20kg, foi vinificado a temperatura controlada entre 12 \u2013 14\u00b0C pelo m\u00e9todo tradicional de bica aberta.<\/p>\n<h4><span style=\"color: #5a0c44;\">Nota de Prova e gastronomia:<\/span><\/h4>\n<p class=\"p1\">Cor Citrino Esverdeado. No nariz apresenta aroma discreto e mineral com notas de lim\u00e3o e ligeiro vegetal t\u00edpico da casta Arinto. Fresco com acidez bem presente, sabor mineral, de final longo e persistente. Este vinho \u00e9 bom companheiro de marisco, ostras com lim\u00e3o e peixe grelhado.<\/p>\n<h4><span style=\"color: #5a0c44;\">Par\u00e2metros Anal\u00edticos:<\/span><\/h4>\n<p>T\u00edtulo alcoom\u00e9trico. 12%<br \/>\nCont\u00e9m Sulfitos.<\/p>\n<h4><span style=\"color: #5a0c44;\">En\u00f3logo:<\/span><\/h4>\n<p class=\"p1\">Frederico Vilar Gomes<\/p>\n<p>[\/vc_column_text][\/vc_column][\/vc_row]<\/p>\n","protected":false},"excerpt":{"rendered":"<p>[vc_row full_width=&#8221;stretch_row&#8221; gap=&#8221;35&#8243; content_placement=&#8221;middle&#8221; background_position=&#8221;center&#8221; et_uniqid=&#8221;et_custom_uniqid_5f86c6185daf9&#8243; _et_uniqid=&#8221;et_custom_uniqid_new_5f984331cf1ea&#8221;][vc_column et_uniqid=&#8221;et_custom_uniqid_5f86c59f9d34e&#8221; _et_uniqid=&#8221;et_custom_uniqid_new_5fa283c5a13c1&#8243; css=&#8221;.vc_custom_1604486090103{margin-top: -15px !important;margin-bottom: -25px !important;}&#8221;][vc_column_text el_class=&#8221;textobotaoclerkson2&#8243;] Download ficha t\u00e9cnica &gt; [\/vc_column_text][\/vc_column][\/vc_row][vc_row][vc_column][vc_column_text] Classifica\u00e7\u00e3o e Regi\u00e3o: Vinho Regional&#8230;<\/p>\n","protected":false},"featured_media":1041,"template":"","meta":[],"etheme_brands":[{"term_id":22,"name":"Paxa Wines","slug":"paxa-wines","term_group":0,"term_taxonomy_id":22,"taxonomy":"brand","description":"","parent":0,"count":11,"filter":"raw"}],"product_cat":[69,72,81],"product_tag":[],"class_list":["post-1054","product","type-product","status-publish","has-post-thumbnail","hentry","brand-paxa-wines","product_cat-vinhos","product_cat-produtores","product_cat-paxa-wines"],"_links":{"self":[{"href":"https:\/\/houseofwines.pt\/en\/wp-json\/wp\/v2\/product\/1054","targetHints":{"allow":["GET"]}}],"collection":[{"href":"https:\/\/houseofwines.pt\/en\/wp-json\/wp\/v2\/product"}],"about":[{"href":"https:\/\/houseofwines.pt\/en\/wp-json\/wp\/v2\/types\/product"}],"wp:featuredmedia":[{"embeddable":true,"href":"https:\/\/houseofwines.pt\/en\/wp-json\/wp\/v2\/media\/1041"}],"wp:attachment":[{"href":"https:\/\/houseofwines.pt\/en\/wp-json\/wp\/v2\/media?parent=1054"}],"wp:term":[{"taxonomy":"brand","embeddable":true,"href":"https:\/\/houseofwines.pt\/en\/wp-json\/wp\/v2\/etheme_brands?post=1054"},{"taxonomy":"product_cat","embeddable":true,"href":"https:\/\/houseofwines.pt\/en\/wp-json\/wp\/v2\/product_cat?post=1054"},{"taxonomy":"product_tag","embeddable":true,"href":"https:\/\/houseofwines.pt\/en\/wp-json\/wp\/v2\/product_tag?post=1054"}],"curies":[{"name":"wp","href":"https:\/\/api.w.org\/{rel}","templated":true}]}}