{"id":863,"date":"2020-11-04T10:57:54","date_gmt":"2020-11-04T10:57:54","guid":{"rendered":"https:\/\/houseofwines.pt\/en\/?page_id=863"},"modified":"2020-12-09T22:33:44","modified_gmt":"2020-12-09T22:33:44","slug":"quinta-dos-monteirinhos","status":"publish","type":"page","link":"https:\/\/houseofwines.pt\/en\/produtores\/quinta-dos-monteirinhos\/","title":{"rendered":"Quinta dos Monteirinhos"},"content":{"rendered":"<p>[vc_row full_width=&#8221;stretch_row&#8221; content_placement=&#8221;middle&#8221; et_uniqid=&#8221;et_custom_uniqid_5f84939bc043b&#8221; enable_first_overlay=&#8221;true&#8221; first_overlay_opacity=&#8221;0&#8243; first_background_type=&#8221;image&#8221; first_background_image=&#8221;866&#8243; first_background_image_size=&#8221;full&#8221; first_background_size=&#8221;cover&#8221; _et_uniqid=&#8221;et_custom_uniqid_new_5fa28917edcab&#8221;][vc_column][vc_empty_space height=&#8221;35px&#8221;][vc_single_image image=&#8221;1265&#8243; img_size=&#8221;400&#215;279&#8243;][vc_empty_space height=&#8221;35px&#8221;][\/vc_column][\/vc_row][vc_row][vc_column][vc_btn title=&#8221;&lt; Back&#8221; style=&#8221;custom&#8221; custom_background=&#8221;#ffffff&#8221; custom_text=&#8221;#666666&#8243; shape=&#8221;square&#8221; align=&#8221;left&#8221; custom_onclick=&#8221;true&#8221; el_class=&#8221;textobotaoclerkson&#8221; custom_onclick_code=&#8221;window.history.back();&#8221; el_id=&#8221;textobotaoclerkson&#8221;][vc_column_text]<\/p>\n<h2><span style=\"color: #550b4c;\">Quinta dos Monteirinhos<\/span><\/h2>\n<p>[\/vc_column_text][\/vc_column][\/vc_row][vc_row full_width=&#8221;stretch_row&#8221; gap=&#8221;35&#8243; content_placement=&#8221;top&#8221; background_position=&#8221;center&#8221; et_uniqid=&#8221;et_custom_uniqid_5f86c6185daf9&#8243; _et_uniqid=&#8221;et_custom_uniqid_new_5f8971a3a10e1&#8243;][vc_column width=&#8221;1\/2&#8243;][vc_column_text]With the vineyards located in Moimenta Maceira D\u00e3o and \u00c1gua Levada, between Mangualde and Nelas and the winery with a privileged view over the Serra da Estrela, Quinta dos Monteirinhos has a unique terroir &#8211; located under a granite slab.<\/p>\n<p>The roots of this farm reach the great-great-grandfather of Miguel Monteiro Albuquerque, the current manager of the project, which, with the oenology of Hugo Sousa Mendes, produces there wines with unique minerality and freshness.<\/p>\n<p>Encruzado, Malvasia Fina, Cerceal and Bical, are the white varieties planted, while in the reds, the varieties are the traditional ones from D\u00e3o (Touriga Nacional, Jaen, Tinta Roriz) with Cabernet Sauvignon as a complement.<\/p>\n<p>Pai Miguel and Av\u00f4 Ant\u00f3nio wines are a tribute to those who left this legacy along with the responsibility to continue to make D\u00e3o wines always extraordinary wines. Av\u00f3 Fernanda and Rosa Maria, are wines that recognize the importance of women in the Monteiro Albuquerque family. Menino Afonso is the manifestation of the younger generations.<br \/>\n[\/vc_column_text][vc_empty_space height=&#8221;22px&#8221;][\/vc_column][vc_column width=&#8221;1\/2&#8243; et_uniqid=&#8221;et_custom_uniqid_5f86c59f9d34e&#8221; _et_uniqid=&#8221;et_custom_uniqid_new_5f896e8f561cd&#8221;][vc_single_image image=&#8221;867&#8243; img_size=&#8221;full&#8221; alignment=&#8221;center&#8221;][\/vc_column][\/vc_row][vc_row][vc_column][vc_column_text]<\/p>\n<h2><span style=\"color: #550b4c;\">Wines<\/span><\/h2>\n<p>[\/vc_column_text][\/vc_column][\/vc_row][vc_row][vc_column]<div class=\"woocommerce columns-4 \">        <link rel=\"stylesheet\" href=\"https:\/\/houseofwines.pt\/en\/wp-content\/themes\/xstore\/css\/modules\/woocommerce\/archive.min.css?ver=9.1.13\" type=\"text\/css\" media=\"all\" \/> \t\t<div class=\"row products products-loop products-grid row-count-4\" data-row-count=\"4\">\r\n\r\n \t<div class=\"first grid-sizer wishlist-disabled col-md-3 col-sm-6 col-xs-6 product-hover-disable product-view-disable view-color-dark et_cart-off product type-product post-1553 status-publish instock product_cat-quinta-dos-monteirinhos product_cat-produtores product_cat-vinhos has-post-thumbnail shipping-taxable product-type-simple\">\r\n        \t\t<div class=\"content-product \">\r\n\t\t\t\t\t\t\r\n\t\t\t\t\t\t\t\r\n\t\t\t\t<div class=\"product-image-wrapper hover-effect-disable\"\r\n                    >\r\n\t\t\t\t\t\r\n\t\t\t\t\t\t\t\t\t\t                        <a class=\"product-content-image\" href=\"https:\/\/houseofwines.pt\/en\/product\/avo-fernanda-reserva-blend\/\"\r\n                           data-images=\"\"\r\n                        >\r\n                                                    <\/a>\r\n\t\t\t\t\t\t\t\t\t<\/div>\r\n\t\t\t\t\r\n\t\t\t\t     \r\n\t\t\t\t\t<div class=\"text-center product-details\">\t\t\t\t\t\t\t<h2 class=\"product-title\">\r\n\t\t\t\t\t\t\t\t<a href=\"https:\/\/houseofwines.pt\/en\/product\/avo-fernanda-reserva-blend\/\">Av\u00f3 Fernanda &#8211; Reserva Blend<\/a>\r\n                            <\/h2>\r\n\t\t\t\t\t\t        <div class=\"products-page-brands\">\r\n\t\t\t                <a href=\"https:\/\/houseofwines.pt\/en\/brand\/quinta-dos-monteirinhos\/\"\r\n                   class=\"view-products\">Quinta dos Monteirinhos<\/a>\r\n\t\t\t\t\t\t\t        <\/div>\r\n\t\t\t\t\t\t\t\t\r\n\t\t\t\t\t\t\r\n                        \r\n                                        <\/div>        \r\n\t\t\t\t\t\t\t\t\t         \t\t<\/div><!-- .content-product -->\r\n\t<\/div>\r\n\r\n \t<div class=\"wishlist-disabled col-md-3 col-sm-6 col-xs-6 product-hover-disable product-view-disable view-color-dark et_cart-off product type-product post-1556 status-publish last instock product_cat-quinta-dos-monteirinhos product_cat-produtores product_cat-vinhos has-post-thumbnail shipping-taxable product-type-simple\">\r\n        \t\t<div class=\"content-product \">\r\n\t\t\t\t\t\t\r\n\t\t\t\t\t\t\t\r\n\t\t\t\t<div class=\"product-image-wrapper hover-effect-disable\"\r\n                    >\r\n\t\t\t\t\t\r\n\t\t\t\t\t\t\t\t\t\t                        <a class=\"product-content-image\" href=\"https:\/\/houseofwines.pt\/en\/product\/avo-antonio-reserva-encruzado\/\"\r\n                           data-images=\"\"\r\n                        >\r\n                                                    <\/a>\r\n\t\t\t\t\t\t\t\t\t<\/div>\r\n\t\t\t\t\r\n\t\t\t\t     \r\n\t\t\t\t\t<div class=\"text-center product-details\">\t\t\t\t\t\t\t<h2 class=\"product-title\">\r\n\t\t\t\t\t\t\t\t<a href=\"https:\/\/houseofwines.pt\/en\/product\/avo-antonio-reserva-encruzado\/\">Av\u00f4 Ant\u00f3nio &#8211; Reserva Encruzado<\/a>\r\n                            <\/h2>\r\n\t\t\t\t\t\t        <div class=\"products-page-brands\">\r\n\t\t\t                <a href=\"https:\/\/houseofwines.pt\/en\/brand\/quinta-dos-monteirinhos\/\"\r\n                   class=\"view-products\">Quinta dos Monteirinhos<\/a>\r\n\t\t\t\t\t\t\t        <\/div>\r\n\t\t\t\t\t\t\t\t\r\n\t\t\t\t\t\t\r\n                        \r\n                                        <\/div>        \r\n\t\t\t\t\t\t\t\t\t         \t\t<\/div><!-- .content-product -->\r\n\t<\/div>\r\n\r\n \t<div class=\"first grid-sizer wishlist-disabled col-md-3 col-sm-6 col-xs-6 product-hover-disable product-view-disable view-color-dark et_cart-off product type-product post-1384 status-publish instock product_cat-quinta-dos-monteirinhos product_cat-produtores product_cat-vinhos has-post-thumbnail shipping-taxable product-type-simple\">\r\n        \t\t<div class=\"content-product \">\r\n\t\t\t\t\t\t\r\n\t\t\t\t\t\t\t\r\n\t\t\t\t<div class=\"product-image-wrapper hover-effect-disable\"\r\n                    >\r\n\t\t\t\t\t\r\n\t\t\t\t\t\t\t\t\t\t                        <a class=\"product-content-image\" href=\"https:\/\/houseofwines.pt\/en\/product\/rosa-maria-doc-rose\/\"\r\n                           data-images=\"\"\r\n                        >\r\n                                                    <\/a>\r\n\t\t\t\t\t\t\t\t\t<\/div>\r\n\t\t\t\t\r\n\t\t\t\t     \r\n\t\t\t\t\t<div class=\"text-center product-details\">\t\t\t\t\t\t\t<h2 class=\"product-title\">\r\n\t\t\t\t\t\t\t\t<a href=\"https:\/\/houseofwines.pt\/en\/product\/rosa-maria-doc-rose\/\">Rosa Maria &#8211; DOC Ros\u00e9<\/a>\r\n                            <\/h2>\r\n\t\t\t\t\t\t        <div class=\"products-page-brands\">\r\n\t\t\t                <a href=\"https:\/\/houseofwines.pt\/en\/brand\/quinta-dos-monteirinhos\/\"\r\n                   class=\"view-products\">Quinta dos Monteirinhos<\/a>\r\n\t\t\t\t\t\t\t        <\/div>\r\n\t\t\t\t\t\t\t\t\r\n\t\t\t\t\t\t\r\n                        \r\n                                        <\/div>        \r\n\t\t\t\t\t\t\t\t\t         \t\t<\/div><!-- .content-product -->\r\n\t<\/div>\r\n\r\n \t<div class=\"wishlist-disabled col-md-3 col-sm-6 col-xs-6 product-hover-disable product-view-disable view-color-dark et_cart-off product type-product post-1559 status-publish last instock product_cat-quinta-dos-monteirinhos product_cat-produtores product_cat-vinhos has-post-thumbnail shipping-taxable product-type-simple\">\r\n        \t\t<div class=\"content-product \">\r\n\t\t\t\t\t\t\r\n\t\t\t\t\t\t\t\r\n\t\t\t\t<div class=\"product-image-wrapper hover-effect-disable\"\r\n                    >\r\n\t\t\t\t\t\r\n\t\t\t\t\t\t\t\t\t\t                        <a class=\"product-content-image\" href=\"https:\/\/houseofwines.pt\/en\/product\/menino-afonso-doc-tinto\/\"\r\n                           data-images=\"\"\r\n                        >\r\n                                                    <\/a>\r\n\t\t\t\t\t\t\t\t\t<\/div>\r\n\t\t\t\t\r\n\t\t\t\t     \r\n\t\t\t\t\t<div class=\"text-center product-details\">\t\t\t\t\t\t\t<h2 class=\"product-title\">\r\n\t\t\t\t\t\t\t\t<a href=\"https:\/\/houseofwines.pt\/en\/product\/menino-afonso-doc-tinto\/\">Menino Afonso DOC Tinto<\/a>\r\n                            <\/h2>\r\n\t\t\t\t\t\t        <div class=\"products-page-brands\">\r\n\t\t\t                <a href=\"https:\/\/houseofwines.pt\/en\/brand\/quinta-dos-monteirinhos\/\"\r\n                   class=\"view-products\">Quinta dos Monteirinhos<\/a>\r\n\t\t\t\t\t\t\t        <\/div>\r\n\t\t\t\t\t\t\t\t\r\n\t\t\t\t\t\t\r\n                        \r\n                                        <\/div>        \r\n\t\t\t\t\t\t\t\t\t         \t\t<\/div><!-- .content-product -->\r\n\t<\/div>\r\n\r\n \t<div class=\"first grid-sizer wishlist-disabled col-md-3 col-sm-6 col-xs-6 product-hover-disable product-view-disable view-color-dark et_cart-off product type-product post-1387 status-publish instock product_cat-quinta-dos-monteirinhos product_cat-produtores product_cat-vinhos has-post-thumbnail shipping-taxable product-type-simple\">\r\n        \t\t<div class=\"content-product \">\r\n\t\t\t\t\t\t\r\n\t\t\t\t\t\t\t\r\n\t\t\t\t<div class=\"product-image-wrapper hover-effect-disable\"\r\n                    >\r\n\t\t\t\t\t\r\n\t\t\t\t\t\t\t\t\t\t                        <a class=\"product-content-image\" href=\"https:\/\/houseofwines.pt\/en\/product\/pai-miguel-reserva-especial\/\"\r\n                           data-images=\"\"\r\n                        >\r\n                                                    <\/a>\r\n\t\t\t\t\t\t\t\t\t<\/div>\r\n\t\t\t\t\r\n\t\t\t\t     \r\n\t\t\t\t\t<div class=\"text-center product-details\">\t\t\t\t\t\t\t<h2 class=\"product-title\">\r\n\t\t\t\t\t\t\t\t<a href=\"https:\/\/houseofwines.pt\/en\/product\/pai-miguel-reserva-especial\/\">Pai Miguel &#8211; Reserva Especial<\/a>\r\n                            <\/h2>\r\n\t\t\t\t\t\t        <div class=\"products-page-brands\">\r\n\t\t\t                <a href=\"https:\/\/houseofwines.pt\/en\/brand\/quinta-dos-monteirinhos\/\"\r\n                   class=\"view-products\">Quinta dos Monteirinhos<\/a>\r\n\t\t\t\t\t\t\t        <\/div>\r\n\t\t\t\t\t\t\t\t\r\n\t\t\t\t\t\t\r\n                        \r\n                                        <\/div>        \r\n\t\t\t\t\t\t\t\t\t         \t\t<\/div><!-- .content-product -->\r\n\t<\/div>\r\n\r\n \t<div class=\"wishlist-disabled col-md-3 col-sm-6 col-xs-6 product-hover-disable product-view-disable view-color-dark et_cart-off product type-product post-1378 status-publish last instock product_cat-quinta-dos-monteirinhos product_cat-produtores product_cat-vinhos has-post-thumbnail shipping-taxable product-type-simple\">\r\n        \t\t<div class=\"content-product \">\r\n\t\t\t\t\t\t\r\n\t\t\t\t\t\t\t\r\n\t\t\t\t<div class=\"product-image-wrapper hover-effect-disable\"\r\n                    >\r\n\t\t\t\t\t\r\n\t\t\t\t\t\t\t\t\t\t                        <a class=\"product-content-image\" href=\"https:\/\/houseofwines.pt\/en\/product\/monteirinhos-espumante-blanc-de-noirs-brut-nature\/\"\r\n                           data-images=\"\"\r\n                        >\r\n                                                    <\/a>\r\n\t\t\t\t\t\t\t\t\t<\/div>\r\n\t\t\t\t\r\n\t\t\t\t     \r\n\t\t\t\t\t<div class=\"text-center product-details\">\t\t\t\t\t\t\t<h2 class=\"product-title\">\r\n\t\t\t\t\t\t\t\t<a href=\"https:\/\/houseofwines.pt\/en\/product\/monteirinhos-espumante-blanc-de-noirs-brut-nature\/\">Monteirinhos Espumante Blanc de Noirs Brut Nature<\/a>\r\n                            <\/h2>\r\n\t\t\t\t\t\t        <div class=\"products-page-brands\">\r\n\t\t\t                <a href=\"https:\/\/houseofwines.pt\/en\/brand\/quinta-dos-monteirinhos\/\"\r\n                   class=\"view-products\">Quinta dos Monteirinhos<\/a>\r\n\t\t\t\t\t\t\t        <\/div>\r\n\t\t\t\t\t\t\t\t\r\n\t\t\t\t\t\t\r\n                        \r\n                                        <\/div>        \r\n\t\t\t\t\t\t\t\t\t         \t\t<\/div><!-- .content-product -->\r\n\t<\/div>\r\n\r\n \t<div class=\"first grid-sizer wishlist-disabled col-md-3 col-sm-6 col-xs-6 product-hover-disable product-view-disable view-color-dark et_cart-off product type-product post-1381 status-publish instock product_cat-quinta-dos-monteirinhos product_cat-produtores product_cat-vinhos has-post-thumbnail shipping-taxable product-type-simple\">\r\n        \t\t<div class=\"content-product \">\r\n\t\t\t\t\t\t\r\n\t\t\t\t\t\t\t\r\n\t\t\t\t<div class=\"product-image-wrapper hover-effect-disable\"\r\n                    >\r\n\t\t\t\t\t\r\n\t\t\t\t\t\t\t\t\t\t                        <a class=\"product-content-image\" href=\"https:\/\/houseofwines.pt\/en\/product\/monteirinhos-espumante-rose-brut-nature\/\"\r\n                           data-images=\"\"\r\n                        >\r\n                                                    <\/a>\r\n\t\t\t\t\t\t\t\t\t<\/div>\r\n\t\t\t\t\r\n\t\t\t\t     \r\n\t\t\t\t\t<div class=\"text-center product-details\">\t\t\t\t\t\t\t<h2 class=\"product-title\">\r\n\t\t\t\t\t\t\t\t<a href=\"https:\/\/houseofwines.pt\/en\/product\/monteirinhos-espumante-rose-brut-nature\/\">Monteirinhos Espumante Ros\u00e9 Brut Nature<\/a>\r\n                            <\/h2>\r\n\t\t\t\t\t\t        <div class=\"products-page-brands\">\r\n\t\t\t                <a href=\"https:\/\/houseofwines.pt\/en\/brand\/quinta-dos-monteirinhos\/\"\r\n                   class=\"view-products\">Quinta dos Monteirinhos<\/a>\r\n\t\t\t\t\t\t\t        <\/div>\r\n\t\t\t\t\t\t\t\t\r\n\t\t\t\t\t\t\r\n                        \r\n                                        <\/div>        \r\n\t\t\t\t\t\t\t\t\t         \t\t<\/div><!-- .content-product -->\r\n\t<\/div>\r\n\r\n<\/div> <!-- .row --><\/div>[\/vc_column][\/vc_row]<\/p>\n","protected":false},"excerpt":{"rendered":"<p>[vc_row full_width=&#8221;stretch_row&#8221; content_placement=&#8221;middle&#8221; et_uniqid=&#8221;et_custom_uniqid_5f84939bc043b&#8221; enable_first_overlay=&#8221;true&#8221; first_overlay_opacity=&#8221;0&#8243; first_background_type=&#8221;image&#8221; first_background_image=&#8221;866&#8243; first_background_image_size=&#8221;full&#8221; first_background_size=&#8221;cover&#8221; _et_uniqid=&#8221;et_custom_uniqid_new_5fa28917edcab&#8221;][vc_column][vc_empty_space height=&#8221;35px&#8221;][vc_single_image image=&#8221;1265&#8243; img_size=&#8221;400&#215;279&#8243;][vc_empty_space height=&#8221;35px&#8221;][\/vc_column][\/vc_row][vc_row][vc_column][vc_btn title=&#8221;&lt; Back&#8221; style=&#8221;custom&#8221; custom_background=&#8221;#ffffff&#8221; custom_text=&#8221;#666666&#8243; shape=&#8221;square&#8221; align=&#8221;left&#8221; custom_onclick=&#8221;true&#8221; el_class=&#8221;textobotaoclerkson&#8221; custom_onclick_code=&#8221;window.history.back();&#8221;&#8230;<\/p>\n","protected":false},"author":1,"featured_media":0,"parent":263,"menu_order":0,"comment_status":"closed","ping_status":"closed","template":"","meta":{"footnotes":""},"class_list":["post-863","page","type-page","status-publish","hentry"],"_links":{"self":[{"href":"https:\/\/houseofwines.pt\/en\/wp-json\/wp\/v2\/pages\/863","targetHints":{"allow":["GET"]}}],"collection":[{"href":"https:\/\/houseofwines.pt\/en\/wp-json\/wp\/v2\/pages"}],"about":[{"href":"https:\/\/houseofwines.pt\/en\/wp-json\/wp\/v2\/types\/page"}],"author":[{"embeddable":true,"href":"https:\/\/houseofwines.pt\/en\/wp-json\/wp\/v2\/users\/1"}],"replies":[{"embeddable":true,"href":"https:\/\/houseofwines.pt\/en\/wp-json\/wp\/v2\/comments?post=863"}],"version-history":[{"count":8,"href":"https:\/\/houseofwines.pt\/en\/wp-json\/wp\/v2\/pages\/863\/revisions"}],"predecessor-version":[{"id":1836,"href":"https:\/\/houseofwines.pt\/en\/wp-json\/wp\/v2\/pages\/863\/revisions\/1836"}],"up":[{"embeddable":true,"href":"https:\/\/houseofwines.pt\/en\/wp-json\/wp\/v2\/pages\/263"}],"wp:attachment":[{"href":"https:\/\/houseofwines.pt\/en\/wp-json\/wp\/v2\/media?parent=863"}],"curies":[{"name":"wp","href":"https:\/\/api.w.org\/{rel}","templated":true}]}}