{"id":701,"date":"2020-10-29T11:28:47","date_gmt":"2020-10-29T11:28:47","guid":{"rendered":"https:\/\/houseofwines.pt\/en\/?page_id=701"},"modified":"2020-12-09T22:32:32","modified_gmt":"2020-12-09T22:32:32","slug":"vale-da-capucha","status":"publish","type":"page","link":"https:\/\/houseofwines.pt\/en\/produtores\/vale-da-capucha\/","title":{"rendered":"Vale da Capucha"},"content":{"rendered":"<p>[vc_row full_width=&#8221;stretch_row&#8221; content_placement=&#8221;middle&#8221; et_uniqid=&#8221;et_custom_uniqid_5f84939bc043b&#8221; enable_first_overlay=&#8221;true&#8221; first_overlay_opacity=&#8221;0&#8243; first_background_type=&#8221;image&#8221; first_background_image=&#8221;703&#8243; first_background_image_size=&#8221;full&#8221; first_background_size=&#8221;cover&#8221; enable_second_overlay=&#8221;true&#8221; second_overlay_opacity=&#8221;68&#8243; second_background_type=&#8221;gradient&#8221; second_background_gradient=&#8221;#0a0606||rgba(10,5,5,0)||0;67||91||linear&#8221; _et_uniqid=&#8221;et_custom_uniqid_new_5fb3b240c2149&#8243;][vc_column][vc_empty_space height=&#8221;35px&#8221;][vc_single_image image=&#8221;1316&#8243; img_size=&#8221;400&#215;279&#8243;][vc_empty_space height=&#8221;35px&#8221;][\/vc_column][\/vc_row][vc_row][vc_column][vc_btn title=&#8221;&lt; Back&#8221; style=&#8221;custom&#8221; custom_background=&#8221;#ffffff&#8221; custom_text=&#8221;#666666&#8243; shape=&#8221;square&#8221; align=&#8221;left&#8221; custom_onclick=&#8221;true&#8221; el_class=&#8221;textobotaoclerkson&#8221; custom_onclick_code=&#8221;window.history.back();&#8221; el_id=&#8221;textobotaoclerkson&#8221;][vc_column_text]<\/p>\n<h2><span style=\"color: #550b4c;\">Vale da Capucha<\/span><\/h2>\n<p>[\/vc_column_text][\/vc_column][\/vc_row][vc_row full_width=&#8221;stretch_row&#8221; gap=&#8221;35&#8243; content_placement=&#8221;top&#8221; background_position=&#8221;center&#8221; et_uniqid=&#8221;et_custom_uniqid_5f86c6185daf9&#8243; _et_uniqid=&#8221;et_custom_uniqid_new_5f8971a3a10e1&#8243;][vc_column width=&#8221;1\/2&#8243;][vc_column_text]Located in Turcifal, Torres Vedras, Quinta S. Jos\u00e9 is the home to Vale da Capucha wines and has belonged to the Marques family for several generations.<\/p>\n<p>With a clay-limestone soil, just 8 km from the coast, here we find a huge variety of fossils, which in this way claim that the sea once inhabited this area. Humid, Atlantic climate and mild temperatures are favorable conditions for the production of fresh white and red wines<br \/>\n.<br \/>\nUnder the baton of Pedro Marques, an irreverent and restless winemaker, who works wines in a natural and completely artisanal way, the privilege in the white grape varieties falls on Fern\u00e3o Pires and Arinto, accompanied by Viosinho, Gouveio, Ant\u00e3o Vaz and Alvarinho. In the reds, Touriga Nacional, Tinta Roriz, Castel\u00e3o and Syrah.<br \/>\nVale da Capucha wines are organic DOC.<br \/>\n[\/vc_column_text][vc_empty_space height=&#8221;22px&#8221;][\/vc_column][vc_column width=&#8221;1\/2&#8243; et_uniqid=&#8221;et_custom_uniqid_5f86c59f9d34e&#8221; _et_uniqid=&#8221;et_custom_uniqid_new_5f896e8f561cd&#8221;][vc_single_image image=&#8221;704&#8243; img_size=&#8221;full&#8221; alignment=&#8221;center&#8221;][\/vc_column][\/vc_row][vc_row][vc_column][vc_column_text]<\/p>\n<h2><span style=\"color: #550b4c;\">Wines<\/span><\/h2>\n<p>[\/vc_column_text][\/vc_column][\/vc_row][vc_row][vc_column]<div class=\"woocommerce columns-4 \">        <link rel=\"stylesheet\" href=\"https:\/\/houseofwines.pt\/en\/wp-content\/themes\/xstore\/css\/modules\/woocommerce\/archive.min.css?ver=9.1.13\" type=\"text\/css\" media=\"all\" \/> \t\t<div class=\"row products products-loop products-grid row-count-4\" data-row-count=\"4\">\r\n\r\n \t<div class=\"first grid-sizer wishlist-disabled col-md-3 col-sm-6 col-xs-6 product-hover-disable product-view-disable view-color-dark et_cart-off product type-product post-1620 status-publish instock product_cat-bio-vegan product_cat-vale-da-capucha product_cat-produtores product_cat-vinhos has-post-thumbnail shipping-taxable product-type-simple\">\r\n        \t\t<div class=\"content-product \">\r\n\t\t\t\t\t\t\r\n\t\t\t\t\t\t\t\r\n\t\t\t\t<div class=\"product-image-wrapper hover-effect-disable\"\r\n                    >\r\n\t\t\t\t\t\r\n\t\t\t\t\t\t\t\t\t\t                        <a class=\"product-content-image\" href=\"https:\/\/houseofwines.pt\/en\/product\/fossil-branco\/\"\r\n                           data-images=\"\"\r\n                        >\r\n                                                    <\/a>\r\n\t\t\t\t\t\t\t\t\t<\/div>\r\n\t\t\t\t\r\n\t\t\t\t     \r\n\t\t\t\t\t<div class=\"text-center product-details\">\t\t\t\t\t\t\t<h2 class=\"product-title\">\r\n\t\t\t\t\t\t\t\t<a href=\"https:\/\/houseofwines.pt\/en\/product\/fossil-branco\/\">Fossil Branco<\/a>\r\n                            <\/h2>\r\n\t\t\t\t\t\t        <div class=\"products-page-brands\">\r\n\t\t\t                <a href=\"https:\/\/houseofwines.pt\/en\/brand\/vale-da-capucha\/\"\r\n                   class=\"view-products\">Vale da Capucha<\/a>\r\n\t\t\t\t\t\t\t        <\/div>\r\n\t\t\t\t\t\t\t\t\r\n\t\t\t\t\t\t\r\n                        \r\n                                        <\/div>        \r\n\t\t\t\t\t\t\t\t\t         \t\t<\/div><!-- .content-product -->\r\n\t<\/div>\r\n\r\n \t<div class=\"wishlist-disabled col-md-3 col-sm-6 col-xs-6 product-hover-disable product-view-disable view-color-dark et_cart-off product type-product post-1623 status-publish last instock product_cat-bio-vegan product_cat-vale-da-capucha product_cat-produtores product_cat-vinhos has-post-thumbnail shipping-taxable product-type-simple\">\r\n        \t\t<div class=\"content-product \">\r\n\t\t\t\t\t\t\r\n\t\t\t\t\t\t\t\r\n\t\t\t\t<div class=\"product-image-wrapper hover-effect-disable\"\r\n                    >\r\n\t\t\t\t\t\r\n\t\t\t\t\t\t\t\t\t\t                        <a class=\"product-content-image\" href=\"https:\/\/houseofwines.pt\/en\/product\/fossil-tinto\/\"\r\n                           data-images=\"\"\r\n                        >\r\n                                                    <\/a>\r\n\t\t\t\t\t\t\t\t\t<\/div>\r\n\t\t\t\t\r\n\t\t\t\t     \r\n\t\t\t\t\t<div class=\"text-center product-details\">\t\t\t\t\t\t\t<h2 class=\"product-title\">\r\n\t\t\t\t\t\t\t\t<a href=\"https:\/\/houseofwines.pt\/en\/product\/fossil-tinto\/\">Fossil Tinto<\/a>\r\n                            <\/h2>\r\n\t\t\t\t\t\t        <div class=\"products-page-brands\">\r\n\t\t\t                <a href=\"https:\/\/houseofwines.pt\/en\/brand\/vale-da-capucha\/\"\r\n                   class=\"view-products\">Vale da Capucha<\/a>\r\n\t\t\t\t\t\t\t        <\/div>\r\n\t\t\t\t\t\t\t\t\r\n\t\t\t\t\t\t\r\n                        \r\n                                        <\/div>        \r\n\t\t\t\t\t\t\t\t\t         \t\t<\/div><!-- .content-product -->\r\n\t<\/div>\r\n\r\n \t<div class=\"first grid-sizer wishlist-disabled col-md-3 col-sm-6 col-xs-6 product-hover-disable product-view-disable view-color-dark et_cart-off product type-product post-1626 status-publish instock product_cat-bio-vegan product_cat-vale-da-capucha product_cat-produtores product_cat-vinhos has-post-thumbnail shipping-taxable product-type-simple\">\r\n        \t\t<div class=\"content-product \">\r\n\t\t\t\t\t\t\r\n\t\t\t\t\t\t\t\r\n\t\t\t\t<div class=\"product-image-wrapper hover-effect-disable\"\r\n                    >\r\n\t\t\t\t\t\r\n\t\t\t\t\t\t\t\t\t\t                        <a class=\"product-content-image\" href=\"https:\/\/houseofwines.pt\/en\/product\/vale-da-capucha-poco-do-gado-gouveio\/\"\r\n                           data-images=\"\"\r\n                        >\r\n                                                    <\/a>\r\n\t\t\t\t\t\t\t\t\t<\/div>\r\n\t\t\t\t\r\n\t\t\t\t     \r\n\t\t\t\t\t<div class=\"text-center product-details\">\t\t\t\t\t\t\t<h2 class=\"product-title\">\r\n\t\t\t\t\t\t\t\t<a href=\"https:\/\/houseofwines.pt\/en\/product\/vale-da-capucha-poco-do-gado-gouveio\/\">Vale da Capucha &#8220;Po\u00e7o do Gado&#8221; Gouveio<\/a>\r\n                            <\/h2>\r\n\t\t\t\t\t\t        <div class=\"products-page-brands\">\r\n\t\t\t                <a href=\"https:\/\/houseofwines.pt\/en\/brand\/vale-da-capucha\/\"\r\n                   class=\"view-products\">Vale da Capucha<\/a>\r\n\t\t\t\t\t\t\t        <\/div>\r\n\t\t\t\t\t\t\t\t\r\n\t\t\t\t\t\t\r\n                        \r\n                                        <\/div>        \r\n\t\t\t\t\t\t\t\t\t         \t\t<\/div><!-- .content-product -->\r\n\t<\/div>\r\n\r\n \t<div class=\"wishlist-disabled col-md-3 col-sm-6 col-xs-6 product-hover-disable product-view-disable view-color-dark et_cart-off product type-product post-1629 status-publish last instock product_cat-bio-vegan product_cat-vale-da-capucha product_cat-produtores product_cat-vinhos has-post-thumbnail shipping-taxable product-type-simple\">\r\n        \t\t<div class=\"content-product \">\r\n\t\t\t\t\t\t\r\n\t\t\t\t\t\t\t\r\n\t\t\t\t<div class=\"product-image-wrapper hover-effect-disable\"\r\n                    >\r\n\t\t\t\t\t\r\n\t\t\t\t\t\t\t\t\t\t                        <a class=\"product-content-image\" href=\"https:\/\/houseofwines.pt\/en\/product\/vale-da-capucha-arinto\/\"\r\n                           data-images=\"\"\r\n                        >\r\n                                                    <\/a>\r\n\t\t\t\t\t\t\t\t\t<\/div>\r\n\t\t\t\t\r\n\t\t\t\t     \r\n\t\t\t\t\t<div class=\"text-center product-details\">\t\t\t\t\t\t\t<h2 class=\"product-title\">\r\n\t\t\t\t\t\t\t\t<a href=\"https:\/\/houseofwines.pt\/en\/product\/vale-da-capucha-arinto\/\">Vale da Capucha Arinto<\/a>\r\n                            <\/h2>\r\n\t\t\t\t\t\t        <div class=\"products-page-brands\">\r\n\t\t\t                <a href=\"https:\/\/houseofwines.pt\/en\/brand\/vale-da-capucha\/\"\r\n                   class=\"view-products\">Vale da Capucha<\/a>\r\n\t\t\t\t\t\t\t        <\/div>\r\n\t\t\t\t\t\t\t\t\r\n\t\t\t\t\t\t\r\n                        \r\n                                        <\/div>        \r\n\t\t\t\t\t\t\t\t\t         \t\t<\/div><!-- .content-product -->\r\n\t<\/div>\r\n\r\n \t<div class=\"first grid-sizer wishlist-disabled col-md-3 col-sm-6 col-xs-6 product-hover-disable product-view-disable view-color-dark et_cart-off product type-product post-1632 status-publish instock product_cat-bio-vegan product_cat-vale-da-capucha product_cat-produtores product_cat-vinhos has-post-thumbnail shipping-taxable product-type-simple\">\r\n        \t\t<div class=\"content-product \">\r\n\t\t\t\t\t\t\r\n\t\t\t\t\t\t\t\r\n\t\t\t\t<div class=\"product-image-wrapper hover-effect-disable\"\r\n                    >\r\n\t\t\t\t\t\r\n\t\t\t\t\t\t\t\t\t\t                        <a class=\"product-content-image\" href=\"https:\/\/houseofwines.pt\/en\/product\/vale-da-capucha-branco-especial-nv-solera\/\"\r\n                           data-images=\"\"\r\n                        >\r\n                                                    <\/a>\r\n\t\t\t\t\t\t\t\t\t<\/div>\r\n\t\t\t\t\r\n\t\t\t\t     \r\n\t\t\t\t\t<div class=\"text-center product-details\">\t\t\t\t\t\t\t<h2 class=\"product-title\">\r\n\t\t\t\t\t\t\t\t<a href=\"https:\/\/houseofwines.pt\/en\/product\/vale-da-capucha-branco-especial-nv-solera\/\">Vale da Capucha Branco Especial NV Solera<\/a>\r\n                            <\/h2>\r\n\t\t\t\t\t\t        <div class=\"products-page-brands\">\r\n\t\t\t                <a href=\"https:\/\/houseofwines.pt\/en\/brand\/vale-da-capucha\/\"\r\n                   class=\"view-products\">Vale da Capucha<\/a>\r\n\t\t\t\t\t\t\t        <\/div>\r\n\t\t\t\t\t\t\t\t\r\n\t\t\t\t\t\t\r\n                        \r\n                                        <\/div>        \r\n\t\t\t\t\t\t\t\t\t         \t\t<\/div><!-- .content-product -->\r\n\t<\/div>\r\n\r\n \t<div class=\"wishlist-disabled col-md-3 col-sm-6 col-xs-6 product-hover-disable product-view-disable view-color-dark et_cart-off product type-product post-1635 status-publish last instock product_cat-bio-vegan product_cat-vale-da-capucha product_cat-produtores product_cat-vinhos has-post-thumbnail shipping-taxable product-type-simple\">\r\n        \t\t<div class=\"content-product \">\r\n\t\t\t\t\t\t\r\n\t\t\t\t\t\t\t\r\n\t\t\t\t<div class=\"product-image-wrapper hover-effect-disable\"\r\n                    >\r\n\t\t\t\t\t\r\n\t\t\t\t\t\t\t\t\t\t                        <a class=\"product-content-image\" href=\"https:\/\/houseofwines.pt\/en\/product\/vale-da-capucha-vinha-teimosa\/\"\r\n                           data-images=\"\"\r\n                        >\r\n                                                    <\/a>\r\n\t\t\t\t\t\t\t\t\t<\/div>\r\n\t\t\t\t\r\n\t\t\t\t     \r\n\t\t\t\t\t<div class=\"text-center product-details\">\t\t\t\t\t\t\t<h2 class=\"product-title\">\r\n\t\t\t\t\t\t\t\t<a href=\"https:\/\/houseofwines.pt\/en\/product\/vale-da-capucha-vinha-teimosa\/\">Vale da Capucha Vinha Teimosa<\/a>\r\n                            <\/h2>\r\n\t\t\t\t\t\t        <div class=\"products-page-brands\">\r\n\t\t\t                <a href=\"https:\/\/houseofwines.pt\/en\/brand\/vale-da-capucha\/\"\r\n                   class=\"view-products\">Vale da Capucha<\/a>\r\n\t\t\t\t\t\t\t        <\/div>\r\n\t\t\t\t\t\t\t\t\r\n\t\t\t\t\t\t\r\n                        \r\n                                        <\/div>        \r\n\t\t\t\t\t\t\t\t\t         \t\t<\/div><!-- .content-product -->\r\n\t<\/div>\r\n\r\n<\/div> <!-- .row --><\/div>[\/vc_column][\/vc_row]<\/p>\n","protected":false},"excerpt":{"rendered":"<p>[vc_row full_width=&#8221;stretch_row&#8221; content_placement=&#8221;middle&#8221; et_uniqid=&#8221;et_custom_uniqid_5f84939bc043b&#8221; enable_first_overlay=&#8221;true&#8221; first_overlay_opacity=&#8221;0&#8243; first_background_type=&#8221;image&#8221; first_background_image=&#8221;703&#8243; first_background_image_size=&#8221;full&#8221; first_background_size=&#8221;cover&#8221; enable_second_overlay=&#8221;true&#8221; second_overlay_opacity=&#8221;68&#8243; second_background_type=&#8221;gradient&#8221; second_background_gradient=&#8221;#0a0606||rgba(10,5,5,0)||0;67||91||linear&#8221; _et_uniqid=&#8221;et_custom_uniqid_new_5fb3b240c2149&#8243;][vc_column][vc_empty_space height=&#8221;35px&#8221;][vc_single_image image=&#8221;1316&#8243; img_size=&#8221;400&#215;279&#8243;][vc_empty_space height=&#8221;35px&#8221;][\/vc_column][\/vc_row][vc_row][vc_column][vc_btn title=&#8221;&lt; Back&#8221; style=&#8221;custom&#8221; custom_background=&#8221;#ffffff&#8221; custom_text=&#8221;#666666&#8243; shape=&#8221;square&#8221;&#8230;<\/p>\n","protected":false},"author":1,"featured_media":0,"parent":263,"menu_order":0,"comment_status":"closed","ping_status":"closed","template":"","meta":{"footnotes":""},"class_list":["post-701","page","type-page","status-publish","hentry"],"_links":{"self":[{"href":"https:\/\/houseofwines.pt\/en\/wp-json\/wp\/v2\/pages\/701","targetHints":{"allow":["GET"]}}],"collection":[{"href":"https:\/\/houseofwines.pt\/en\/wp-json\/wp\/v2\/pages"}],"about":[{"href":"https:\/\/houseofwines.pt\/en\/wp-json\/wp\/v2\/types\/page"}],"author":[{"embeddable":true,"href":"https:\/\/houseofwines.pt\/en\/wp-json\/wp\/v2\/users\/1"}],"replies":[{"embeddable":true,"href":"https:\/\/houseofwines.pt\/en\/wp-json\/wp\/v2\/comments?post=701"}],"version-history":[{"count":13,"href":"https:\/\/houseofwines.pt\/en\/wp-json\/wp\/v2\/pages\/701\/revisions"}],"predecessor-version":[{"id":1833,"href":"https:\/\/houseofwines.pt\/en\/wp-json\/wp\/v2\/pages\/701\/revisions\/1833"}],"up":[{"embeddable":true,"href":"https:\/\/houseofwines.pt\/en\/wp-json\/wp\/v2\/pages\/263"}],"wp:attachment":[{"href":"https:\/\/houseofwines.pt\/en\/wp-json\/wp\/v2\/media?parent=701"}],"curies":[{"name":"wp","href":"https:\/\/api.w.org\/{rel}","templated":true}]}}