{"id":688,"date":"2020-10-29T11:14:53","date_gmt":"2020-10-29T11:14:53","guid":{"rendered":"https:\/\/houseofwines.pt\/en\/?page_id=688"},"modified":"2020-12-09T22:32:52","modified_gmt":"2020-12-09T22:32:52","slug":"garrocha-wines","status":"publish","type":"page","link":"https:\/\/houseofwines.pt\/en\/produtores\/garrocha-wines\/","title":{"rendered":"Garrocha Family Vineyards and Wines"},"content":{"rendered":"<p>[vc_row full_width=&#8221;stretch_row&#8221; content_placement=&#8221;middle&#8221; et_uniqid=&#8221;et_custom_uniqid_5f84939bc043b&#8221; enable_first_overlay=&#8221;true&#8221; first_overlay_opacity=&#8221;0&#8243; first_background_type=&#8221;image&#8221; first_background_image=&#8221;690&#8243; first_background_image_size=&#8221;full&#8221; first_background_size=&#8221;cover&#8221; enable_second_overlay=&#8221;true&#8221; second_overlay_opacity=&#8221;65&#8243; second_background_type=&#8221;gradient&#8221; second_background_gradient=&#8221;#090a05||rgba(10,5,5,0)||0;53||94||linear&#8221; _et_uniqid=&#8221;et_custom_uniqid_new_5fb308e0a64b6&#8243;][vc_column][vc_empty_space height=&#8221;35px&#8221;][vc_single_image image=&#8221;1267&#8243; img_size=&#8221;400&#215;279&#8243;][vc_empty_space height=&#8221;35px&#8221;][\/vc_column][\/vc_row][vc_row][vc_column][vc_btn title=&#8221;&lt; Back&#8221; style=&#8221;custom&#8221; custom_background=&#8221;#ffffff&#8221; custom_text=&#8221;#666666&#8243; shape=&#8221;square&#8221; align=&#8221;left&#8221; custom_onclick=&#8221;true&#8221; el_class=&#8221;textobotaoclerkson&#8221; custom_onclick_code=&#8221;window.history.back();&#8221; el_id=&#8221;textobotaoclerkson&#8221;][vc_column_text]<\/p>\n<h2><span style=\"color: #550b4c;\">Garrocha Family Vineyards and Wines<\/span><\/h2>\n<p>[\/vc_column_text][\/vc_column][\/vc_row][vc_row full_width=&#8221;stretch_row&#8221; gap=&#8221;35&#8243; content_placement=&#8221;top&#8221; background_position=&#8221;center&#8221; et_uniqid=&#8221;et_custom_uniqid_5f86c6185daf9&#8243; _et_uniqid=&#8221;et_custom_uniqid_new_5f8971a3a10e1&#8243;][vc_column width=&#8221;1\/2&#8243;][vc_column_text]Garrocha is the brand that gives name to the wines of the Macieira family. Dedicated to wine production in the demarcated region of Lisbon, they explore three Quintas in the municipality of Alenquer. At Quinta do Garrido, Quinta da Gaia and Quinta de Sans Souci, the wines are produced solely from grapes grown in their soils.<\/p>\n<p>With sustainable vineyards, which are not watered, Francisco Macieira, a third generation member, is the winemaker responsible for the production and has endowed the business with irreverence and creativity, an expression that is revealed particularly in the Barca do Inferno brand, a red with an unlikely blend of Cabernet Sauvignon and Sous\u00e3o or Criatura, the result of a field blend of Tinta Mi\u00fada, Menc\u00eda and Castel\u00e3o.<\/p>\n<p>By appointment, visits to the three properties and wine tasting can be organized.<br \/>\n[\/vc_column_text][vc_empty_space height=&#8221;22px&#8221;][\/vc_column][vc_column width=&#8221;1\/2&#8243; et_uniqid=&#8221;et_custom_uniqid_5f86c59f9d34e&#8221; _et_uniqid=&#8221;et_custom_uniqid_new_5f896e8f561cd&#8221;][vc_single_image image=&#8221;692&#8243; img_size=&#8221;full&#8221; alignment=&#8221;center&#8221;][\/vc_column][\/vc_row][vc_row][vc_column][vc_column_text]<\/p>\n<h2><span style=\"color: #550b4c;\">Wines<\/span><\/h2>\n<p>[\/vc_column_text][\/vc_column][\/vc_row][vc_row][vc_column]<div class=\"woocommerce columns-4 \">        <link rel=\"stylesheet\" href=\"https:\/\/houseofwines.pt\/en\/wp-content\/themes\/xstore\/css\/modules\/woocommerce\/archive.min.css?ver=9.1.13\" type=\"text\/css\" media=\"all\" \/> \t\t<div class=\"row products products-loop products-grid row-count-4\" data-row-count=\"4\">\r\n\r\n \t<div class=\"first grid-sizer wishlist-disabled col-md-3 col-sm-6 col-xs-6 product-hover-disable product-view-disable view-color-dark et_cart-off product type-product post-977 status-publish instock product_cat-garrocha-wines product_cat-produtores product_cat-vinhos has-post-thumbnail shipping-taxable product-type-simple\">\r\n        \t\t<div class=\"content-product \">\r\n\t\t\t\t\t\t\r\n\t\t\t\t\t\t\t\r\n\t\t\t\t<div class=\"product-image-wrapper hover-effect-disable\"\r\n                    >\r\n\t\t\t\t\t\r\n\t\t\t\t\t\t\t\t\t\t                        <a class=\"product-content-image\" href=\"https:\/\/houseofwines.pt\/en\/product\/diario-da-quinta-branco-2019\/\"\r\n                           data-images=\"\"\r\n                        >\r\n                                                    <\/a>\r\n\t\t\t\t\t\t\t\t\t<\/div>\r\n\t\t\t\t\r\n\t\t\t\t     \r\n\t\t\t\t\t<div class=\"text-center product-details\">\t\t\t\t\t\t\t<h2 class=\"product-title\">\r\n\t\t\t\t\t\t\t\t<a href=\"https:\/\/houseofwines.pt\/en\/product\/diario-da-quinta-branco-2019\/\">Di\u00e1rio da Quinta Branco 2019<\/a>\r\n                            <\/h2>\r\n\t\t\t\t\t\t        <div class=\"products-page-brands\">\r\n\t\t\t                <a href=\"https:\/\/houseofwines.pt\/en\/brand\/garrocha-wines\/\"\r\n                   class=\"view-products\">Garrocha Wines<\/a>\r\n\t\t\t\t\t\t\t        <\/div>\r\n\t\t\t\t\t\t\t\t\r\n\t\t\t\t\t\t\r\n                        \r\n                                        <\/div>        \r\n\t\t\t\t\t\t\t\t\t         \t\t<\/div><!-- .content-product -->\r\n\t<\/div>\r\n\r\n \t<div class=\"wishlist-disabled col-md-3 col-sm-6 col-xs-6 product-hover-disable product-view-disable view-color-dark et_cart-off product type-product post-981 status-publish last instock product_cat-garrocha-wines product_cat-produtores product_cat-vinhos has-post-thumbnail shipping-taxable product-type-simple\">\r\n        \t\t<div class=\"content-product \">\r\n\t\t\t\t\t\t\r\n\t\t\t\t\t\t\t\r\n\t\t\t\t<div class=\"product-image-wrapper hover-effect-disable\"\r\n                    >\r\n\t\t\t\t\t\r\n\t\t\t\t\t\t\t\t\t\t                        <a class=\"product-content-image\" href=\"https:\/\/houseofwines.pt\/en\/product\/diario-da-quinta-rose-2019\/\"\r\n                           data-images=\"\"\r\n                        >\r\n                                                    <\/a>\r\n\t\t\t\t\t\t\t\t\t<\/div>\r\n\t\t\t\t\r\n\t\t\t\t     \r\n\t\t\t\t\t<div class=\"text-center product-details\">\t\t\t\t\t\t\t<h2 class=\"product-title\">\r\n\t\t\t\t\t\t\t\t<a href=\"https:\/\/houseofwines.pt\/en\/product\/diario-da-quinta-rose-2019\/\">Di\u00e1rio da Quinta Ros\u00e9 2019<\/a>\r\n                            <\/h2>\r\n\t\t\t\t\t\t        <div class=\"products-page-brands\">\r\n\t\t\t                <a href=\"https:\/\/houseofwines.pt\/en\/brand\/garrocha-wines\/\"\r\n                   class=\"view-products\">Garrocha Wines<\/a>\r\n\t\t\t\t\t\t\t        <\/div>\r\n\t\t\t\t\t\t\t\t\r\n\t\t\t\t\t\t\r\n                        \r\n                                        <\/div>        \r\n\t\t\t\t\t\t\t\t\t         \t\t<\/div><!-- .content-product -->\r\n\t<\/div>\r\n\r\n \t<div class=\"first grid-sizer wishlist-disabled col-md-3 col-sm-6 col-xs-6 product-hover-disable product-view-disable view-color-dark et_cart-off product type-product post-987 status-publish instock product_cat-garrocha-wines product_cat-produtores product_cat-vinhos has-post-thumbnail shipping-taxable product-type-simple\">\r\n        \t\t<div class=\"content-product \">\r\n\t\t\t\t\t\t\r\n\t\t\t\t\t\t\t\r\n\t\t\t\t<div class=\"product-image-wrapper hover-effect-disable\"\r\n                    >\r\n\t\t\t\t\t\r\n\t\t\t\t\t\t\t\t\t\t                        <a class=\"product-content-image\" href=\"https:\/\/houseofwines.pt\/en\/product\/diario-da-quinta-tinto-2017\/\"\r\n                           data-images=\"\"\r\n                        >\r\n                                                    <\/a>\r\n\t\t\t\t\t\t\t\t\t<\/div>\r\n\t\t\t\t\r\n\t\t\t\t     \r\n\t\t\t\t\t<div class=\"text-center product-details\">\t\t\t\t\t\t\t<h2 class=\"product-title\">\r\n\t\t\t\t\t\t\t\t<a href=\"https:\/\/houseofwines.pt\/en\/product\/diario-da-quinta-tinto-2017\/\">Di\u00e1rio da Quinta Tinto 2017<\/a>\r\n                            <\/h2>\r\n\t\t\t\t\t\t        <div class=\"products-page-brands\">\r\n\t\t\t                <a href=\"https:\/\/houseofwines.pt\/en\/brand\/garrocha-wines\/\"\r\n                   class=\"view-products\">Garrocha Wines<\/a>\r\n\t\t\t\t\t\t\t        <\/div>\r\n\t\t\t\t\t\t\t\t\r\n\t\t\t\t\t\t\r\n                        \r\n                                        <\/div>        \r\n\t\t\t\t\t\t\t\t\t         \t\t<\/div><!-- .content-product -->\r\n\t<\/div>\r\n\r\n \t<div class=\"wishlist-disabled col-md-3 col-sm-6 col-xs-6 product-hover-disable product-view-disable view-color-dark et_cart-off product type-product post-991 status-publish last instock product_cat-garrocha-wines product_cat-produtores product_cat-vinhos has-post-thumbnail shipping-taxable product-type-simple\">\r\n        \t\t<div class=\"content-product \">\r\n\t\t\t\t\t\t\r\n\t\t\t\t\t\t\t\r\n\t\t\t\t<div class=\"product-image-wrapper hover-effect-disable\"\r\n                    >\r\n\t\t\t\t\t\r\n\t\t\t\t\t\t\t\t\t\t                        <a class=\"product-content-image\" href=\"https:\/\/houseofwines.pt\/en\/product\/lisbons-mustache-branco-2018\/\"\r\n                           data-images=\"\"\r\n                        >\r\n                                                    <\/a>\r\n\t\t\t\t\t\t\t\t\t<\/div>\r\n\t\t\t\t\r\n\t\t\t\t     \r\n\t\t\t\t\t<div class=\"text-center product-details\">\t\t\t\t\t\t\t<h2 class=\"product-title\">\r\n\t\t\t\t\t\t\t\t<a href=\"https:\/\/houseofwines.pt\/en\/product\/lisbons-mustache-branco-2018\/\">Lisbon&#8217;s Mustache Branco 2018<\/a>\r\n                            <\/h2>\r\n\t\t\t\t\t\t        <div class=\"products-page-brands\">\r\n\t\t\t                <a href=\"https:\/\/houseofwines.pt\/en\/brand\/garrocha-wines\/\"\r\n                   class=\"view-products\">Garrocha Wines<\/a>\r\n\t\t\t\t\t\t\t        <\/div>\r\n\t\t\t\t\t\t\t\t\r\n\t\t\t\t\t\t\r\n                        \r\n                                        <\/div>        \r\n\t\t\t\t\t\t\t\t\t         \t\t<\/div><!-- .content-product -->\r\n\t<\/div>\r\n\r\n \t<div class=\"first grid-sizer wishlist-disabled col-md-3 col-sm-6 col-xs-6 product-hover-disable product-view-disable view-color-dark et_cart-off product type-product post-995 status-publish instock product_cat-garrocha-wines product_cat-produtores product_cat-vinhos has-post-thumbnail shipping-taxable product-type-simple\">\r\n        \t\t<div class=\"content-product \">\r\n\t\t\t\t\t\t\r\n\t\t\t\t\t\t\t\r\n\t\t\t\t<div class=\"product-image-wrapper hover-effect-disable\"\r\n                    >\r\n\t\t\t\t\t\r\n\t\t\t\t\t\t\t\t\t\t                        <a class=\"product-content-image\" href=\"https:\/\/houseofwines.pt\/en\/product\/lisbons-mustache-tinto-2017\/\"\r\n                           data-images=\"\"\r\n                        >\r\n                                                    <\/a>\r\n\t\t\t\t\t\t\t\t\t<\/div>\r\n\t\t\t\t\r\n\t\t\t\t     \r\n\t\t\t\t\t<div class=\"text-center product-details\">\t\t\t\t\t\t\t<h2 class=\"product-title\">\r\n\t\t\t\t\t\t\t\t<a href=\"https:\/\/houseofwines.pt\/en\/product\/lisbons-mustache-tinto-2017\/\">Lisbon&#8217;s Mustache Tinto 2017<\/a>\r\n                            <\/h2>\r\n\t\t\t\t\t\t        <div class=\"products-page-brands\">\r\n\t\t\t                <a href=\"https:\/\/houseofwines.pt\/en\/brand\/garrocha-wines\/\"\r\n                   class=\"view-products\">Garrocha Wines<\/a>\r\n\t\t\t\t\t\t\t        <\/div>\r\n\t\t\t\t\t\t\t\t\r\n\t\t\t\t\t\t\r\n                        \r\n                                        <\/div>        \r\n\t\t\t\t\t\t\t\t\t         \t\t<\/div><!-- .content-product -->\r\n\t<\/div>\r\n\r\n \t<div class=\"wishlist-disabled col-md-3 col-sm-6 col-xs-6 product-hover-disable product-view-disable view-color-dark et_cart-off product type-product post-997 status-publish last instock product_cat-garrocha-wines product_cat-produtores product_cat-vinhos has-post-thumbnail shipping-taxable product-type-simple\">\r\n        \t\t<div class=\"content-product \">\r\n\t\t\t\t\t\t\r\n\t\t\t\t\t\t\t\r\n\t\t\t\t<div class=\"product-image-wrapper hover-effect-disable\"\r\n                    >\r\n\t\t\t\t\t\r\n\t\t\t\t\t\t\t\t\t\t                        <a class=\"product-content-image\" href=\"https:\/\/houseofwines.pt\/en\/product\/checkmate-shiraz-2018\/\"\r\n                           data-images=\"\"\r\n                        >\r\n                                                    <\/a>\r\n\t\t\t\t\t\t\t\t\t<\/div>\r\n\t\t\t\t\r\n\t\t\t\t     \r\n\t\t\t\t\t<div class=\"text-center product-details\">\t\t\t\t\t\t\t<h2 class=\"product-title\">\r\n\t\t\t\t\t\t\t\t<a href=\"https:\/\/houseofwines.pt\/en\/product\/checkmate-shiraz-2018\/\">Checkmate Shiraz 2018<\/a>\r\n                            <\/h2>\r\n\t\t\t\t\t\t        <div class=\"products-page-brands\">\r\n\t\t\t                <a href=\"https:\/\/houseofwines.pt\/en\/brand\/garrocha-wines\/\"\r\n                   class=\"view-products\">Garrocha Wines<\/a>\r\n\t\t\t\t\t\t\t        <\/div>\r\n\t\t\t\t\t\t\t\t\r\n\t\t\t\t\t\t\r\n                        \r\n                                        <\/div>        \r\n\t\t\t\t\t\t\t\t\t         \t\t<\/div><!-- .content-product -->\r\n\t<\/div>\r\n\r\n \t<div class=\"first grid-sizer wishlist-disabled col-md-3 col-sm-6 col-xs-6 product-hover-disable product-view-disable view-color-dark et_cart-off product type-product post-1000 status-publish instock product_cat-garrocha-wines product_cat-produtores product_cat-vinhos has-post-thumbnail shipping-taxable product-type-simple\">\r\n        \t\t<div class=\"content-product \">\r\n\t\t\t\t\t\t\r\n\t\t\t\t\t\t\t\r\n\t\t\t\t<div class=\"product-image-wrapper hover-effect-disable\"\r\n                    >\r\n\t\t\t\t\t\r\n\t\t\t\t\t\t\t\t\t\t                        <a class=\"product-content-image\" href=\"https:\/\/houseofwines.pt\/en\/product\/barca-do-inferno-reserva-branco-2019\/\"\r\n                           data-images=\"\"\r\n                        >\r\n                                                    <\/a>\r\n\t\t\t\t\t\t\t\t\t<\/div>\r\n\t\t\t\t\r\n\t\t\t\t     \r\n\t\t\t\t\t<div class=\"text-center product-details\">\t\t\t\t\t\t\t<h2 class=\"product-title\">\r\n\t\t\t\t\t\t\t\t<a href=\"https:\/\/houseofwines.pt\/en\/product\/barca-do-inferno-reserva-branco-2019\/\">Barca do Inferno Reserva Branco 2019<\/a>\r\n                            <\/h2>\r\n\t\t\t\t\t\t        <div class=\"products-page-brands\">\r\n\t\t\t                <a href=\"https:\/\/houseofwines.pt\/en\/brand\/garrocha-wines\/\"\r\n                   class=\"view-products\">Garrocha Wines<\/a>\r\n\t\t\t\t\t\t\t        <\/div>\r\n\t\t\t\t\t\t\t\t\r\n\t\t\t\t\t\t\r\n                        \r\n                                        <\/div>        \r\n\t\t\t\t\t\t\t\t\t         \t\t<\/div><!-- .content-product -->\r\n\t<\/div>\r\n\r\n \t<div class=\"wishlist-disabled col-md-3 col-sm-6 col-xs-6 product-hover-disable product-view-disable view-color-dark et_cart-off product type-product post-1005 status-publish last instock product_cat-garrocha-wines product_cat-produtores product_cat-vinhos has-post-thumbnail shipping-taxable product-type-simple\">\r\n        \t\t<div class=\"content-product \">\r\n\t\t\t\t\t\t\r\n\t\t\t\t\t\t\t\r\n\t\t\t\t<div class=\"product-image-wrapper hover-effect-disable\"\r\n                    >\r\n\t\t\t\t\t\r\n\t\t\t\t\t\t\t\t\t\t                        <a class=\"product-content-image\" href=\"https:\/\/houseofwines.pt\/en\/product\/barca-do-inferno-reserva-tinto-2018\/\"\r\n                           data-images=\"\"\r\n                        >\r\n                                                    <\/a>\r\n\t\t\t\t\t\t\t\t\t<\/div>\r\n\t\t\t\t\r\n\t\t\t\t     \r\n\t\t\t\t\t<div class=\"text-center product-details\">\t\t\t\t\t\t\t<h2 class=\"product-title\">\r\n\t\t\t\t\t\t\t\t<a href=\"https:\/\/houseofwines.pt\/en\/product\/barca-do-inferno-reserva-tinto-2018\/\">Barca do Inferno Reserva Tinto 2018<\/a>\r\n                            <\/h2>\r\n\t\t\t\t\t\t        <div class=\"products-page-brands\">\r\n\t\t\t                <a href=\"https:\/\/houseofwines.pt\/en\/brand\/garrocha-wines\/\"\r\n                   class=\"view-products\">Garrocha Wines<\/a>\r\n\t\t\t\t\t\t\t        <\/div>\r\n\t\t\t\t\t\t\t\t\r\n\t\t\t\t\t\t\r\n                        \r\n                                        <\/div>        \r\n\t\t\t\t\t\t\t\t\t         \t\t<\/div><!-- .content-product -->\r\n\t<\/div>\r\n\r\n \t<div class=\"first grid-sizer wishlist-disabled col-md-3 col-sm-6 col-xs-6 product-hover-disable product-view-disable view-color-dark et_cart-off product type-product post-1007 status-publish instock product_cat-garrocha-wines product_cat-produtores product_cat-vinhos has-post-thumbnail shipping-taxable product-type-simple\">\r\n        \t\t<div class=\"content-product \">\r\n\t\t\t\t\t\t\r\n\t\t\t\t\t\t\t\r\n\t\t\t\t<div class=\"product-image-wrapper hover-effect-disable\"\r\n                    >\r\n\t\t\t\t\t\r\n\t\t\t\t\t\t\t\t\t\t                        <a class=\"product-content-image\" href=\"https:\/\/houseofwines.pt\/en\/product\/criatura-private-colection-2019\/\"\r\n                           data-images=\"\"\r\n                        >\r\n                                                    <\/a>\r\n\t\t\t\t\t\t\t\t\t<\/div>\r\n\t\t\t\t\r\n\t\t\t\t     \r\n\t\t\t\t\t<div class=\"text-center product-details\">\t\t\t\t\t\t\t<h2 class=\"product-title\">\r\n\t\t\t\t\t\t\t\t<a href=\"https:\/\/houseofwines.pt\/en\/product\/criatura-private-colection-2019\/\">Criatura Private Colection 2019<\/a>\r\n                            <\/h2>\r\n\t\t\t\t\t\t        <div class=\"products-page-brands\">\r\n\t\t\t                <a href=\"https:\/\/houseofwines.pt\/en\/brand\/garrocha-wines\/\"\r\n                   class=\"view-products\">Garrocha Wines<\/a>\r\n\t\t\t\t\t\t\t        <\/div>\r\n\t\t\t\t\t\t\t\t\r\n\t\t\t\t\t\t\r\n                        \r\n                                        <\/div>        \r\n\t\t\t\t\t\t\t\t\t         \t\t<\/div><!-- .content-product -->\r\n\t<\/div>\r\n\r\n<\/div> <!-- .row --><\/div>[\/vc_column][\/vc_row]<\/p>\n","protected":false},"excerpt":{"rendered":"<p>[vc_row full_width=&#8221;stretch_row&#8221; content_placement=&#8221;middle&#8221; et_uniqid=&#8221;et_custom_uniqid_5f84939bc043b&#8221; enable_first_overlay=&#8221;true&#8221; first_overlay_opacity=&#8221;0&#8243; first_background_type=&#8221;image&#8221; first_background_image=&#8221;690&#8243; first_background_image_size=&#8221;full&#8221; first_background_size=&#8221;cover&#8221; enable_second_overlay=&#8221;true&#8221; second_overlay_opacity=&#8221;65&#8243; second_background_type=&#8221;gradient&#8221; second_background_gradient=&#8221;#090a05||rgba(10,5,5,0)||0;53||94||linear&#8221; _et_uniqid=&#8221;et_custom_uniqid_new_5fb308e0a64b6&#8243;][vc_column][vc_empty_space height=&#8221;35px&#8221;][vc_single_image image=&#8221;1267&#8243; img_size=&#8221;400&#215;279&#8243;][vc_empty_space height=&#8221;35px&#8221;][\/vc_column][\/vc_row][vc_row][vc_column][vc_btn title=&#8221;&lt; Back&#8221; style=&#8221;custom&#8221; custom_background=&#8221;#ffffff&#8221; custom_text=&#8221;#666666&#8243; shape=&#8221;square&#8221;&#8230;<\/p>\n","protected":false},"author":1,"featured_media":0,"parent":263,"menu_order":0,"comment_status":"closed","ping_status":"closed","template":"","meta":{"footnotes":""},"class_list":["post-688","page","type-page","status-publish","hentry"],"_links":{"self":[{"href":"https:\/\/houseofwines.pt\/en\/wp-json\/wp\/v2\/pages\/688","targetHints":{"allow":["GET"]}}],"collection":[{"href":"https:\/\/houseofwines.pt\/en\/wp-json\/wp\/v2\/pages"}],"about":[{"href":"https:\/\/houseofwines.pt\/en\/wp-json\/wp\/v2\/types\/page"}],"author":[{"embeddable":true,"href":"https:\/\/houseofwines.pt\/en\/wp-json\/wp\/v2\/users\/1"}],"replies":[{"embeddable":true,"href":"https:\/\/houseofwines.pt\/en\/wp-json\/wp\/v2\/comments?post=688"}],"version-history":[{"count":11,"href":"https:\/\/houseofwines.pt\/en\/wp-json\/wp\/v2\/pages\/688\/revisions"}],"predecessor-version":[{"id":1834,"href":"https:\/\/houseofwines.pt\/en\/wp-json\/wp\/v2\/pages\/688\/revisions\/1834"}],"up":[{"embeddable":true,"href":"https:\/\/houseofwines.pt\/en\/wp-json\/wp\/v2\/pages\/263"}],"wp:attachment":[{"href":"https:\/\/houseofwines.pt\/en\/wp-json\/wp\/v2\/media?parent=688"}],"curies":[{"name":"wp","href":"https:\/\/api.w.org\/{rel}","templated":true}]}}